{"id":653,"date":"2017-06-25T21:24:46","date_gmt":"2017-06-25T21:24:46","guid":{"rendered":"https:\/\/jauteco.com\/?post_type=product&#038;p=653"},"modified":"2026-02-09T09:15:55","modified_gmt":"2026-02-09T09:15:55","slug":"tablilla-segundo-orden-espana","status":"publish","type":"product","link":"https:\/\/jauteco.com\/pt\/tienda\/tablilla-segundo-orden-espana\/","title":{"rendered":"Ripa branca preta segunda ordem (Espanha) 30 \u00d7 20"},"content":{"rendered":"<h3>Tablilla Blanca Negra<\/h3>\n<p><strong>Tablilla Blanca Negra<\/strong> utilizada para la advertencia en Espa\u00f1a con medidas <strong>30\u00d720, de segundo orden.<\/strong><\/p>\n<p>Os regulamentos indicam que este tablet \u00e9<strong>\u00a0utilizada en Espa\u00f1a<\/strong>.<\/p>\n<p>La Tablilla<strong> tiene unas\u00a0medidas de 30\u00d720<\/strong>, por isso \u00e9 agrupado na segunda ordem.<\/p>\n<h3>Altamente refor\u00e7ado<\/h3>\n<p>Este tablet \u00e9 feito com um<strong>\u00a0Chapa de a\u00e7o galvanizada altamente refor\u00e7ada<\/strong>. Este material permite que voc\u00ea <strong>aguantar inclemencias meteorol\u00f3gicas.<\/strong><\/p>\n<p>\u00c9 <strong>recomendou a compra de <a href=\"https:\/\/jauteco.com\/pt\/tienda\/mastil-180-m-incluye-tornillos\/\">mastro<\/a><\/strong>\u00a0junto com o tablet, porque com ele <strong>pode ser fixado no ch\u00e3o<\/strong>. O Tablet <strong>debe\u00a0se\u00f1alizar en un lugar visible\u00a0para advertir del peligro<\/strong>. Una <strong>mala colocaci\u00f3n, puede impedir que la persona pueda ser advertida<\/strong>, adentr\u00e1ndose en la zona y as\u00ed poniendo en riesgo su integridad.<\/p>\n<p>Los colores utilizados por esta Tablilla son por una mitad blanco y por la otra negro. Esta particular tablilla, de dos \u00fanicos colores,<strong> es com\u00fan por lo que fijar\u00e1\u00a0 la atenci\u00f3n del humano<\/strong>. Esto permitir\u00e1 que preste atenci\u00f3n a la indicaci\u00f3n, <strong>quedando advertido del peligro.<\/strong><\/p>","protected":false},"excerpt":{"rendered":"<p>Para grandes or\u00e7amentos, entre em contato conosco pelo 964 60 23 59 ou envie um e-mail para: info@jauteco.com.<\/p>","protected":false},"featured_media":4292,"comment_status":"closed","ping_status":"closed","template":"","meta":[],"product_brand":[],"product_cat":[75],"product_tag":[402],"class_list":{"0":"post-653","1":"product","2":"type-product","3":"status-publish","4":"has-post-thumbnail","6":"product_cat-tablillas-caza","7":"product_tag-tablillas-caza-2-orden","8":"product_shipping_class-tablillas","10":"first","11":"instock","12":"taxable","13":"shipping-taxable","14":"purchasable","15":"product-type-simple"},"_links":{"self":[{"href":"https:\/\/jauteco.com\/pt\/wp-json\/wp\/v2\/product\/653","targetHints":{"allow":["GET"]}}],"collection":[{"href":"https:\/\/jauteco.com\/pt\/wp-json\/wp\/v2\/product"}],"about":[{"href":"https:\/\/jauteco.com\/pt\/wp-json\/wp\/v2\/types\/product"}],"replies":[{"embeddable":true,"href":"https:\/\/jauteco.com\/pt\/wp-json\/wp\/v2\/comments?post=653"}],"version-history":[{"count":0,"href":"https:\/\/jauteco.com\/pt\/wp-json\/wp\/v2\/product\/653\/revisions"}],"wp:featuredmedia":[{"embeddable":true,"href":"https:\/\/jauteco.com\/pt\/wp-json\/wp\/v2\/media\/4292"}],"wp:attachment":[{"href":"https:\/\/jauteco.com\/pt\/wp-json\/wp\/v2\/media?parent=653"}],"wp:term":[{"taxonomy":"product_brand","embeddable":true,"href":"https:\/\/jauteco.com\/pt\/wp-json\/wp\/v2\/product_brand?post=653"},{"taxonomy":"product_cat","embeddable":true,"href":"https:\/\/jauteco.com\/pt\/wp-json\/wp\/v2\/product_cat?post=653"},{"taxonomy":"product_tag","embeddable":true,"href":"https:\/\/jauteco.com\/pt\/wp-json\/wp\/v2\/product_tag?post=653"}],"curies":[{"name":"wp","href":"https:\/\/api.w.org\/{rel}","templated":true}]}}