{"id":672,"date":"2017-06-25T21:31:48","date_gmt":"2017-06-25T21:31:48","guid":{"rendered":"https:\/\/jauteco.com\/?post_type=product&#038;p=672"},"modified":"2025-02-03T09:48:39","modified_gmt":"2025-02-03T09:48:39","slug":"roja-andalucia","status":"publish","type":"product","link":"https:\/\/jauteco.com\/pt\/tienda\/roja-andalucia\/","title":{"rendered":"Comprimido vermelho (Andaluzia) 30 \u00d7 20"},"content":{"rendered":"<h3>Tablilla Roja<\/h3>\n<p>Tablilla Roja utilizada para la advertencia en Andaluc\u00eda con medidas 30\u00d720.<\/p>\n<p>La normativa indica que esta tablilla es\u00a0utilizada en la comunidad aut\u00f3noma de Andaluc\u00eda, siendo diferente a la utilizada en el resto de Espa\u00f1a\u00a0que\u00a0utilizar\u00e1n la indicada en su\u00a0normativa.<\/p>\n<p>La Tablilla tiene unas\u00a0medidas de 30\u00d720, por lo que est\u00e1 agrupada dentro de las de segundo orden.<\/p>\n<h3>Altamente refor\u00e7ado<\/h3>\n<p>Esta Tablilla est\u00e1 fabricada con una\u00a0chapa de Acero Galvanizado altamente reforzada. Este material le permite aguantar inclemencias meteorol\u00f3gicas.<\/p>\n<p>Es recomendable la compra del m\u00e1stil\u00a0junto con la tablilla, pues con \u00e9l se podr\u00e1 fijar en el terreno. La Tablilla debe\u00a0se\u00f1alizar en un lugar visible\u00a0para advertir del peligro. Una mala colocaci\u00f3n, puede impedir que la persona pueda ser advertida, adentr\u00e1ndose en la zona y as\u00ed poniendo en riesgo su integridad.<\/p>\n<p>Los colores utilizados por esta Tablilla es completamente el rojo. Esta particular tablilla, de un \u00fanico color, no es com\u00fan por lo que fijar\u00e1\u00a0 la atenci\u00f3n del humano. Esto permitir\u00e1 que preste atenci\u00f3n a la indicaci\u00f3n, quedando advertido del peligro.<\/p>","protected":false},"excerpt":{"rendered":"<p>Para grandes cantidades, cont\u00e1ctenos por tel\u00e9fono \u00f3 e-mail para pedirnos presupuesto.<\/p>","protected":false},"featured_media":947,"comment_status":"closed","ping_status":"closed","template":"","meta":[],"product_brand":[],"product_cat":[75],"product_tag":[402],"class_list":{"0":"post-672","1":"product","2":"type-product","3":"status-publish","4":"has-post-thumbnail","6":"product_cat-tablillas-caza","7":"product_tag-tablillas-caza-2-orden","8":"product_shipping_class-tablillas","10":"first","11":"instock","12":"taxable","13":"shipping-taxable","14":"purchasable","15":"product-type-simple"},"_links":{"self":[{"href":"https:\/\/jauteco.com\/pt\/wp-json\/wp\/v2\/product\/672","targetHints":{"allow":["GET"]}}],"collection":[{"href":"https:\/\/jauteco.com\/pt\/wp-json\/wp\/v2\/product"}],"about":[{"href":"https:\/\/jauteco.com\/pt\/wp-json\/wp\/v2\/types\/product"}],"replies":[{"embeddable":true,"href":"https:\/\/jauteco.com\/pt\/wp-json\/wp\/v2\/comments?post=672"}],"version-history":[{"count":0,"href":"https:\/\/jauteco.com\/pt\/wp-json\/wp\/v2\/product\/672\/revisions"}],"wp:featuredmedia":[{"embeddable":true,"href":"https:\/\/jauteco.com\/pt\/wp-json\/wp\/v2\/media\/947"}],"wp:attachment":[{"href":"https:\/\/jauteco.com\/pt\/wp-json\/wp\/v2\/media?parent=672"}],"wp:term":[{"taxonomy":"product_brand","embeddable":true,"href":"https:\/\/jauteco.com\/pt\/wp-json\/wp\/v2\/product_brand?post=672"},{"taxonomy":"product_cat","embeddable":true,"href":"https:\/\/jauteco.com\/pt\/wp-json\/wp\/v2\/product_cat?post=672"},{"taxonomy":"product_tag","embeddable":true,"href":"https:\/\/jauteco.com\/pt\/wp-json\/wp\/v2\/product_tag?post=672"}],"curies":[{"name":"wp","href":"https:\/\/api.w.org\/{rel}","templated":true}]}}