{"id":674,"date":"2017-06-25T21:33:33","date_gmt":"2017-06-25T21:33:33","guid":{"rendered":"https:\/\/jauteco.com\/?post_type=product&#038;p=674"},"modified":"2026-02-09T09:16:31","modified_gmt":"2026-02-09T09:16:31","slug":"zona-de-adiestramiento-c-valenciana-30x20","status":"publish","type":"product","link":"https:\/\/jauteco.com\/pt\/tienda\/zona-de-adiestramiento-c-valenciana-30x20\/","title":{"rendered":"Zona de treinamento de mesa (C. Valenciana) 30 \u00d7 20"},"content":{"rendered":"<h3>Tala da zona de treinamento<\/h3>\n<p>Tablilla blanca y negra Zona de Adiestramiento utilizada para la advertencia en la Comunidad Valenciana con medidas 30\u00d720.<\/p>\n<p>La normativa indica que esta tablilla es\u00a0utilizada en la Comunidad Valenciana, siendo diferente a la utilizada en el resto de Espa\u00f1a\u00a0que\u00a0utilizar\u00e1n la indicada en su\u00a0normativa.<\/p>\n<p>La Tablilla tiene unas\u00a0medidas de 30\u00d720, por lo que est\u00e1 agrupada dentro de las de segundo orden. Esta tablilla deber\u00e1 colocarse despu\u00e9s de las de primer orden de Zona de Adiestramiento para la Comunidad Valenciana, as\u00ed informar\u00e1 a las personas.<\/p>\n<h3>Altamente refor\u00e7ado<\/h3>\n<p>Esta Tablilla est\u00e1 fabricada con una\u00a0chapa de Acero Galvanizado altamente reforzada. Este material le permite aguantar inclemencias meteorol\u00f3gicas.<\/p>\n<p>Es recomendable la compra del m\u00e1stil\u00a0junto con la tablilla, pues con \u00e9l se podr\u00e1 fijar en el terreno. La Tablilla debe\u00a0se\u00f1alizar en un lugar visible\u00a0para advertir de Zona de Adiestramiento. Una mala colocaci\u00f3n, puede impedir que la persona pueda ser advertida, adentr\u00e1ndose en la zona y as\u00ed poniendo en riesgo su integridad.<\/p>\n<p>Los colores utilizados por esta Tablilla son el blanco y negro, con las letras de color negro. Estos particulares colores,son comunes en tablillas, fijando\u00a0la atenci\u00f3n del humano.<\/p>","protected":false},"excerpt":{"rendered":"<p>Para grandes cantidades, cont\u00e1ctenos por tel\u00e9fono \u00f3 e-mail para pedirnos presupuesto.<\/p>","protected":false},"featured_media":949,"comment_status":"closed","ping_status":"closed","template":"","meta":[],"product_brand":[],"product_cat":[75],"product_tag":[402],"class_list":{"0":"post-674","1":"product","2":"type-product","3":"status-publish","4":"has-post-thumbnail","6":"product_cat-tablillas-caza","7":"product_tag-tablillas-caza-2-orden","8":"product_shipping_class-tablillas","10":"first","11":"instock","12":"taxable","13":"shipping-taxable","14":"purchasable","15":"product-type-simple"},"_links":{"self":[{"href":"https:\/\/jauteco.com\/pt\/wp-json\/wp\/v2\/product\/674","targetHints":{"allow":["GET"]}}],"collection":[{"href":"https:\/\/jauteco.com\/pt\/wp-json\/wp\/v2\/product"}],"about":[{"href":"https:\/\/jauteco.com\/pt\/wp-json\/wp\/v2\/types\/product"}],"replies":[{"embeddable":true,"href":"https:\/\/jauteco.com\/pt\/wp-json\/wp\/v2\/comments?post=674"}],"version-history":[{"count":0,"href":"https:\/\/jauteco.com\/pt\/wp-json\/wp\/v2\/product\/674\/revisions"}],"wp:featuredmedia":[{"embeddable":true,"href":"https:\/\/jauteco.com\/pt\/wp-json\/wp\/v2\/media\/949"}],"wp:attachment":[{"href":"https:\/\/jauteco.com\/pt\/wp-json\/wp\/v2\/media?parent=674"}],"wp:term":[{"taxonomy":"product_brand","embeddable":true,"href":"https:\/\/jauteco.com\/pt\/wp-json\/wp\/v2\/product_brand?post=674"},{"taxonomy":"product_cat","embeddable":true,"href":"https:\/\/jauteco.com\/pt\/wp-json\/wp\/v2\/product_cat?post=674"},{"taxonomy":"product_tag","embeddable":true,"href":"https:\/\/jauteco.com\/pt\/wp-json\/wp\/v2\/product_tag?post=674"}],"curies":[{"name":"wp","href":"https:\/\/api.w.org\/{rel}","templated":true}]}}