{"id":687,"date":"2017-06-26T10:16:45","date_gmt":"2017-06-26T10:16:45","guid":{"rendered":"https:\/\/jauteco.com\/?post_type=product&#038;p=687"},"modified":"2026-02-11T10:20:43","modified_gmt":"2026-02-11T10:20:43","slug":"tablilla-reserva-navarra","status":"publish","type":"product","link":"https:\/\/jauteco.com\/pt\/tienda\/tablilla-reserva-navarra\/","title":{"rendered":"Reserva Tablet (Navarra) 30 \u00d7 20"},"content":{"rendered":"<h2>Tablilla Reserva<\/h2>\n<p>Tablilla Reserva utilizada para la advertencia en la Comunidad Foral de Navarra con medidas 30\u00d720.<\/p>\n<p>Os regulamentos indicam que este tablet \u00e9\u00a0<strong>utilizada en la Comunidad Foral de Navarra, siendo diferente a la utilizada en el resto de Espa\u00f1a\u00a0<\/strong>que usar\u00e1 o indicado em seu\u00a0<a href=\"https:\/\/jauteco.com\/pt\/senalizacion-cotos-caza\/\">normativo<\/a>.<\/p>\n<p>O tablet tem alguns\u00a0<strong>medidas 30 \u00d7 20<\/strong>, portanto, \u00e9 agrupado na segunda ordem. Este tablet deve ser colocado ap\u00f3s o primeiro pedido, para informar as pessoas.<\/p>\n<h3>Altamente refor\u00e7ado<\/h3>\n<p>Este tablet \u00e9 feito com um<strong>\u00a0Chapa de a\u00e7o galvanizada altamente refor\u00e7ada<\/strong>. Este material permite suportar intemp\u00e9ries.<\/p>\n<p>A compra do <a href=\"https:\/\/jauteco.com\/pt\/tienda\/mastil-180-m-incluye-tornillos\/\">mastro\u00a0<\/a>junto com a tala, porque com ela voc\u00ea pode fixar no ch\u00e3o. O Tablet deve\u00a0<strong>sinal em um local vis\u00edvel<\/strong>\u00a0para advertir de Reserva . Una mala colocaci\u00f3n, puede impedir que la persona pueda ser advertida, adentr\u00e1ndose en la zona y as\u00ed poniendo en riesgo su integridad.<\/p>\n<p>As cores usadas por este Tablet s\u00e3o as<strong> amarillo, con las letras de color blanco<\/strong>. Esses indiv\u00edduos<strong> cores, n\u00e3o comuns em pranchas<\/strong>, pelo que <strong>Eles s\u00e3o impressionantes e, portanto, fixar\u00e3o a aten\u00e7\u00e3o do humano.<\/strong><\/p>","protected":false},"excerpt":{"rendered":"<p>Para grandes presupuestos contactar con nosotros al 964 60 23 59, o al correo electr\u00f3nico: info@jauteco.com..<\/p>","protected":false},"featured_media":985,"comment_status":"closed","ping_status":"closed","template":"","meta":[],"product_brand":[],"product_cat":[75],"product_tag":[595,604,559,402],"class_list":{"0":"post-687","1":"product","2":"type-product","3":"status-publish","4":"has-post-thumbnail","6":"product_cat-tablillas-caza","7":"product_tag-navarra","8":"product_tag-reserva","9":"product_tag-tablillas-de-caza","10":"product_tag-tablillas-caza-2-orden","11":"product_shipping_class-tablillas","13":"first","14":"instock","15":"taxable","16":"shipping-taxable","17":"purchasable","18":"product-type-simple"},"_links":{"self":[{"href":"https:\/\/jauteco.com\/pt\/wp-json\/wp\/v2\/product\/687","targetHints":{"allow":["GET"]}}],"collection":[{"href":"https:\/\/jauteco.com\/pt\/wp-json\/wp\/v2\/product"}],"about":[{"href":"https:\/\/jauteco.com\/pt\/wp-json\/wp\/v2\/types\/product"}],"replies":[{"embeddable":true,"href":"https:\/\/jauteco.com\/pt\/wp-json\/wp\/v2\/comments?post=687"}],"version-history":[{"count":0,"href":"https:\/\/jauteco.com\/pt\/wp-json\/wp\/v2\/product\/687\/revisions"}],"wp:featuredmedia":[{"embeddable":true,"href":"https:\/\/jauteco.com\/pt\/wp-json\/wp\/v2\/media\/985"}],"wp:attachment":[{"href":"https:\/\/jauteco.com\/pt\/wp-json\/wp\/v2\/media?parent=687"}],"wp:term":[{"taxonomy":"product_brand","embeddable":true,"href":"https:\/\/jauteco.com\/pt\/wp-json\/wp\/v2\/product_brand?post=687"},{"taxonomy":"product_cat","embeddable":true,"href":"https:\/\/jauteco.com\/pt\/wp-json\/wp\/v2\/product_cat?post=687"},{"taxonomy":"product_tag","embeddable":true,"href":"https:\/\/jauteco.com\/pt\/wp-json\/wp\/v2\/product_tag?post=687"}],"curies":[{"name":"wp","href":"https:\/\/api.w.org\/{rel}","templated":true}]}}