{"id":688,"date":"2017-06-26T10:17:21","date_gmt":"2017-06-26T10:17:21","guid":{"rendered":"https:\/\/jauteco.com\/?post_type=product&#038;p=688"},"modified":"2026-02-11T10:20:37","modified_gmt":"2026-02-11T10:20:37","slug":"tablilla-reserva-de-caza","status":"publish","type":"product","link":"https:\/\/jauteco.com\/pt\/tienda\/tablilla-reserva-de-caza\/","title":{"rendered":"Placa de Reserva de Ca\u00e7a (La Rioja) 30 \u00d7 20"},"content":{"rendered":"<h2>Tablet Game Reserve<\/h2>\n<p>Tablet Game Reserve usado para advert\u00eancia em La Rioja com medidas 30 \u00d7 20.<\/p>\n<p>Os regulamentos indicam que este tablet \u00e9\u00a0<strong>usado em La Rioja sendo diferente do usado no resto da Espanha\u00a0<\/strong>que usar\u00e1 o indicado em seu\u00a0<a href=\"https:\/\/jauteco.com\/pt\/senalizacion-cotos-caza\/\">normativo<\/a>.<\/p>\n<p>O tablet tem alguns\u00a0<strong>medidas 30 \u00d7 20<\/strong>, por isso \u00e9 agrupado na segunda ordem.<\/p>\n<h3>Altamente refor\u00e7ado<\/h3>\n<p>Este tablet \u00e9 feito com um<strong>\u00a0Chapa de a\u00e7o galvanizada altamente refor\u00e7ada<\/strong>. Este material permite suportar intemp\u00e9ries, bem como golpes de animais.<\/p>\n<p>A compra do <a href=\"https:\/\/jauteco.com\/pt\/tienda\/mastil-180-m-incluye-tornillos\/\">mastro\u00a0<\/a>junto com a tala, porque com ela voc\u00ea pode fixar no ch\u00e3o. O Tablet deve\u00a0<strong>sinal em um local vis\u00edvel<\/strong>\u00a0para avisar sobre a reserva de ca\u00e7a. Uma m\u00e1 coloca\u00e7\u00e3o pode impedir a pessoa de ser avisada, de entrar na \u00e1rea e colocar em risco a sua integridade.<\/p>\n<p>As cores usadas por este Tablet s\u00e3o as<strong> amarelo, com letras pretas<\/strong>. Esses indiv\u00edduos<strong> cores, n\u00e3o comuns em pranchas<\/strong>, pelo que <strong>Eles s\u00e3o impressionantes e, portanto, fixar\u00e3o a aten\u00e7\u00e3o do humano.<\/strong><\/p>","protected":false},"excerpt":{"rendered":"<p>Para grandes cantidades, cont\u00e1ctenos por tel\u00e9fono \u00f3 e-mail para pedirnos presupuesto.<\/p>","protected":false},"featured_media":983,"comment_status":"closed","ping_status":"closed","template":"","meta":[],"product_brand":[],"product_cat":[75],"product_tag":[595,603,559,402],"class_list":{"0":"post-688","1":"product","2":"type-product","3":"status-publish","4":"has-post-thumbnail","6":"product_cat-tablillas-caza","7":"product_tag-navarra","8":"product_tag-reserva-de-caza","9":"product_tag-tablillas-de-caza","10":"product_tag-tablillas-caza-2-orden","11":"product_shipping_class-tablillas","13":"first","14":"instock","15":"taxable","16":"shipping-taxable","17":"purchasable","18":"product-type-simple"},"_links":{"self":[{"href":"https:\/\/jauteco.com\/pt\/wp-json\/wp\/v2\/product\/688","targetHints":{"allow":["GET"]}}],"collection":[{"href":"https:\/\/jauteco.com\/pt\/wp-json\/wp\/v2\/product"}],"about":[{"href":"https:\/\/jauteco.com\/pt\/wp-json\/wp\/v2\/types\/product"}],"replies":[{"embeddable":true,"href":"https:\/\/jauteco.com\/pt\/wp-json\/wp\/v2\/comments?post=688"}],"version-history":[{"count":0,"href":"https:\/\/jauteco.com\/pt\/wp-json\/wp\/v2\/product\/688\/revisions"}],"wp:featuredmedia":[{"embeddable":true,"href":"https:\/\/jauteco.com\/pt\/wp-json\/wp\/v2\/media\/983"}],"wp:attachment":[{"href":"https:\/\/jauteco.com\/pt\/wp-json\/wp\/v2\/media?parent=688"}],"wp:term":[{"taxonomy":"product_brand","embeddable":true,"href":"https:\/\/jauteco.com\/pt\/wp-json\/wp\/v2\/product_brand?post=688"},{"taxonomy":"product_cat","embeddable":true,"href":"https:\/\/jauteco.com\/pt\/wp-json\/wp\/v2\/product_cat?post=688"},{"taxonomy":"product_tag","embeddable":true,"href":"https:\/\/jauteco.com\/pt\/wp-json\/wp\/v2\/product_tag?post=688"}],"curies":[{"name":"wp","href":"https:\/\/api.w.org\/{rel}","templated":true}]}}