{"id":689,"date":"2017-06-26T10:31:54","date_gmt":"2017-06-26T10:31:54","guid":{"rendered":"https:\/\/jauteco.com\/?post_type=product&#038;p=689"},"modified":"2026-02-11T10:20:00","modified_gmt":"2026-02-11T10:20:00","slug":"zona-de-reserva","status":"publish","type":"product","link":"https:\/\/jauteco.com\/pt\/tienda\/zona-de-reserva\/","title":{"rendered":"Tablet Black Zone Zone 50 \u00d7 33"},"content":{"rendered":"<h2>Tablilla Zona de Reserva<\/h2>\n<p><strong>Tablilla Zona de Reserva<\/strong>\u00a0negra utilizada para la advertencia en Espa\u00f1a con medidas 50\u00d733.<\/p>\n<p>A tala est\u00e1 marcada para ser <strong>usado na Espanha,<\/strong> Com exce\u00e7\u00e3o das Comunidades Aut\u00f4nomas com tablet pr\u00f3prio que, portanto, utilizar\u00e3o aquele indicado em seu <a href=\"https:\/\/jauteco.com\/pt\/senalizacion-cotos-caza\/\">normativo<\/a>.<\/p>\n<p>O tablet tem alguns <strong>medidas 50 \u00d7 33<\/strong>, por isso \u00e9 agrupado dentro dos<strong> primeira ordem<\/strong>. Este tablet deve ser colocado antes da segunda ordem, para <strong>aviso de perigo<\/strong> \u00e0s pessoas.<\/p>\n<h3>Altamente refor\u00e7ado<\/h3>\n<p>Este tablet \u00e9 feito com um<strong> Chapa de a\u00e7o galvanizada altamente refor\u00e7ada<\/strong>. Este material permite que voc\u00ea <strong>suportar condi\u00e7\u00f5es clim\u00e1ticas adversas<\/strong>.<\/p>\n<p>\u00c9 <strong>recomendou a compra de<\/strong> <a href=\"https:\/\/jauteco.com\/pt\/tienda\/mastil-180-m-incluye-tornillos\/\">mastro<\/a>\u00a0junto com o tablet, porque com ele <strong>pode ser fixado no ch\u00e3o<\/strong>. O Tablet <strong>deve sinalizar em um local vis\u00edvel<\/strong> para advertir de que se encuentra en una Zona de Reserva.<strong> Um mau posicionamento pode impedir que a pessoa seja avisada<\/strong>, entrando na \u00e1rea e colocando sua integridade em risco.<\/p>\n<p>O<strong> As cores usadas por este Tablet s\u00e3o brancas, com letras pretas.<\/strong> As cores usadas s\u00e3o comuns no tablet, para que o ser humano, ao v\u00ea-lo, saiba que \u00e9 um aviso importante.<\/p>","protected":false},"excerpt":{"rendered":"<p>Para grandes cantidades, cont\u00e1ctenos por tel\u00e9fono \u00f3 e-mail para pedirnos presupuesto.<\/p>","protected":false},"featured_media":977,"comment_status":"closed","ping_status":"closed","template":"","meta":[],"product_brand":[],"product_cat":[75],"product_tag":[401],"class_list":{"0":"post-689","1":"product","2":"type-product","3":"status-publish","4":"has-post-thumbnail","6":"product_cat-tablillas-caza","7":"product_tag-tablillas-caza-1-orden","8":"product_shipping_class-tablillas","10":"first","11":"instock","12":"taxable","13":"shipping-taxable","14":"purchasable","15":"product-type-simple"},"_links":{"self":[{"href":"https:\/\/jauteco.com\/pt\/wp-json\/wp\/v2\/product\/689","targetHints":{"allow":["GET"]}}],"collection":[{"href":"https:\/\/jauteco.com\/pt\/wp-json\/wp\/v2\/product"}],"about":[{"href":"https:\/\/jauteco.com\/pt\/wp-json\/wp\/v2\/types\/product"}],"replies":[{"embeddable":true,"href":"https:\/\/jauteco.com\/pt\/wp-json\/wp\/v2\/comments?post=689"}],"version-history":[{"count":0,"href":"https:\/\/jauteco.com\/pt\/wp-json\/wp\/v2\/product\/689\/revisions"}],"wp:featuredmedia":[{"embeddable":true,"href":"https:\/\/jauteco.com\/pt\/wp-json\/wp\/v2\/media\/977"}],"wp:attachment":[{"href":"https:\/\/jauteco.com\/pt\/wp-json\/wp\/v2\/media?parent=689"}],"wp:term":[{"taxonomy":"product_brand","embeddable":true,"href":"https:\/\/jauteco.com\/pt\/wp-json\/wp\/v2\/product_brand?post=689"},{"taxonomy":"product_cat","embeddable":true,"href":"https:\/\/jauteco.com\/pt\/wp-json\/wp\/v2\/product_cat?post=689"},{"taxonomy":"product_tag","embeddable":true,"href":"https:\/\/jauteco.com\/pt\/wp-json\/wp\/v2\/product_tag?post=689"}],"curies":[{"name":"wp","href":"https:\/\/api.w.org\/{rel}","templated":true}]}}