{"id":693,"date":"2017-06-26T10:34:26","date_gmt":"2017-06-26T10:34:26","guid":{"rendered":"https:\/\/jauteco.com\/?post_type=product&#038;p=693"},"modified":"2026-02-11T10:19:49","modified_gmt":"2026-02-11T10:19:49","slug":"reserva-de-caza","status":"publish","type":"product","link":"https:\/\/jauteco.com\/pt\/tienda\/reserva-de-caza\/","title":{"rendered":"Reserva de ca\u00e7a verde 50 \u00d7 33"},"content":{"rendered":"<h2>Tablet Game Reserve<\/h2>\n<p>Tablilla Reserva de Caza utilizada para informar de<strong> Reserva de jogo<\/strong> en Espa\u00f1a con medidas 50\u00d733.<\/p>\n<p>Os regulamentos indicam que este tablet \u00e9\u00a0<strong>usado na Espanha,\u00a0<\/strong>siendo utilizada en todo el territorio nacional excepto la Comunidades Aut\u00f3nomas que usar\u00e1n una propia que estar\u00e1 indicada en su\u00a0<a href=\"https:\/\/jauteco.com\/pt\/senalizacion-cotos-caza\/\">normativo<\/a>.<\/p>\n<p>O tablet tem alguns\u00a0<strong>medidas 50 \u00d7 33<\/strong>, portanto, \u00e9 agrupado no primeiro pedido. Este tablet deve ser colocado antes do segundo pedido, para informar as pessoas.<\/p>\n<h3>Altamente refor\u00e7ado<\/h3>\n<p>Este Tablet \u00e9 feito de<strong>\u00a0Chapa de a\u00e7o galvanizada altamente refor\u00e7ada<\/strong>. Este material le permite aguantar inclemencias meteorol\u00f3gicas, haciendo al producto resistente.<\/p>\n<p>Recomenda-se colocar o Tablet firmemente no ch\u00e3o. O Tablet deve\u00a0<strong>sinal em um local vis\u00edvel<\/strong>\u00a0el peligro por Reserva de Caza. Una mala colocaci\u00f3n de la tablilla, puede impedir que la persona pueda ser advertida del peligro, adentr\u00e1ndose en la zona y as\u00ed poniendo en riesgo su integridad.<\/p>\n<p>As cores usadas por este Tablet s\u00e3o as<strong>\u00a0blanco, con las letras de color verde<\/strong>.\u00a0Los colores utilizados no son habituales en tablilla, por lo que el humano al verla quedar\u00e1 atento por una importante advertencia.<\/p>","protected":false},"excerpt":{"rendered":"<p>Placa de alum\u00ednio gravada com o n\u00famero Preserve inclu\u00eddo.<\/p>\n<p>Para grandes or\u00e7amentos, entre em contato conosco pelo 964 60 23 59 ou envie um e-mail para: info@jauteco.com.<\/p>","protected":false},"featured_media":984,"comment_status":"closed","ping_status":"closed","template":"","meta":[],"product_brand":[],"product_cat":[75],"product_tag":[424,401],"class_list":{"0":"post-693","1":"product","2":"type-product","3":"status-publish","4":"has-post-thumbnail","6":"product_cat-tablillas-caza","7":"product_tag-tablillas-con-placa-de-matricula","8":"product_tag-tablillas-caza-1-orden","9":"product_shipping_class-tablillas","11":"first","12":"instock","13":"taxable","14":"shipping-taxable","15":"purchasable","16":"product-type-simple"},"_links":{"self":[{"href":"https:\/\/jauteco.com\/pt\/wp-json\/wp\/v2\/product\/693","targetHints":{"allow":["GET"]}}],"collection":[{"href":"https:\/\/jauteco.com\/pt\/wp-json\/wp\/v2\/product"}],"about":[{"href":"https:\/\/jauteco.com\/pt\/wp-json\/wp\/v2\/types\/product"}],"replies":[{"embeddable":true,"href":"https:\/\/jauteco.com\/pt\/wp-json\/wp\/v2\/comments?post=693"}],"version-history":[{"count":0,"href":"https:\/\/jauteco.com\/pt\/wp-json\/wp\/v2\/product\/693\/revisions"}],"wp:featuredmedia":[{"embeddable":true,"href":"https:\/\/jauteco.com\/pt\/wp-json\/wp\/v2\/media\/984"}],"wp:attachment":[{"href":"https:\/\/jauteco.com\/pt\/wp-json\/wp\/v2\/media?parent=693"}],"wp:term":[{"taxonomy":"product_brand","embeddable":true,"href":"https:\/\/jauteco.com\/pt\/wp-json\/wp\/v2\/product_brand?post=693"},{"taxonomy":"product_cat","embeddable":true,"href":"https:\/\/jauteco.com\/pt\/wp-json\/wp\/v2\/product_cat?post=693"},{"taxonomy":"product_tag","embeddable":true,"href":"https:\/\/jauteco.com\/pt\/wp-json\/wp\/v2\/product_tag?post=693"}],"curies":[{"name":"wp","href":"https:\/\/api.w.org\/{rel}","templated":true}]}}