{"id":7090,"date":"2023-10-21T08:59:22","date_gmt":"2023-10-21T08:59:22","guid":{"rendered":"https:\/\/jauteco.com\/?post_type=product&#038;p=7090"},"modified":"2026-02-09T09:17:40","modified_gmt":"2026-02-09T09:17:40","slug":"tablilla-atencion-no-pasar-caceria-colectiva-castilla-y-leon","status":"publish","type":"product","link":"https:\/\/jauteco.com\/pt\/tienda\/tablilla-atencion-no-pasar-caceria-colectiva-castilla-y-leon\/","title":{"rendered":"Tablilla Atenci\u00f3n no pasar &#8211; Cacer\u00eda Colectiva (Castilla y Le\u00f3n)"},"content":{"rendered":"<h2>Tablilla Atenci\u00f3n no pasar &#8211; Cacer\u00eda Colectiva (NUEVA NORMATIVA)<\/h2>\n<p>Ripa\u00a0<b>Peligro Atenci\u00f3n no pasar Cacer\u00eda Colectiva <\/b>utilizada para la Monter\u00eda del Jabal\u00ed en Castilla y Le\u00f3n con medidas 50\u00d733.<\/p>\n<p>Os regulamentos indicam que este tablet \u00e9\u00a0<strong>utilizada en Castilla y Le\u00f3n<\/strong>, o restante das Comunidades Aut\u00f4nomas usar\u00e1 outros tablets para Monterias, portanto, nessas \u00e1reas, eles usar\u00e3o o indicado em seus\u00a0<a href=\"https:\/\/jauteco.com\/pt\/senalizacion-cotos-caza\/\">normativo<\/a>.<\/p>\n<p>O tablet tem alguns\u00a0<strong>medidas 50 \u00d7 33<\/strong>, por lo que est\u00e1 agrupada dentro de las de primer orden.<\/p>\n<h3>Altamente refor\u00e7ado<\/h3>\n<p>Este tablet \u00e9 feito com um\u00a0<strong>Chapa de a\u00e7o galvanizada altamente refor\u00e7ada<\/strong>. Este material permite suportar intemp\u00e9ries.<\/p>\n<p>Recomenda-se comprar o\u00a0<a href=\"https:\/\/jauteco.com\/pt\/tienda\/soporte-plegable-tablillas-caza\/\">carrinho dobr\u00e1vel<\/a>\u00a0junto com o tablet, porque ele pode ser colocado em qualquer lugar. O Tablet deve\u00a0<strong>sinal em um local vis\u00edvel<\/strong>\u00a0o perigo de Monter\u00eda. Uma m\u00e1 coloca\u00e7\u00e3o da tala pode impedir que a pessoa seja avisada do perigo, entrando na \u00e1rea e colocando em risco sua integridade.<\/p>\n<p>El fondo blanco con letras negras y el reborde rojo, unido al tri\u00e1ngulo rojo con el dibujo del triangulo hacen<strong>\u00a0atraente<\/strong>\u00a0o tablet. Dele<strong> Descri\u00e7\u00e3o adverte sobre o perigo.<\/strong><\/p>","protected":false},"excerpt":{"rendered":"<p>Tablilla Atenci\u00f3n no pasar &#8211; Cacer\u00eda Colectiva (NUEVA NORMATIVA) Tablilla\u00a0Peligro Atenci\u00f3n no pasar Cacer\u00eda Colectiva utilizada para la Monter\u00eda del Jabal\u00ed en Castilla y Le\u00f3n con medidas 50\u00d733. La normativa indica que esta tablilla es\u00a0utilizada en Castilla y Le\u00f3n, el resto de las Comunidades Aut\u00f3nomas utilizaran otras tablillas para las Monter\u00edas, as\u00ed en estas zonas [&hellip;]<\/p>","protected":false},"featured_media":7093,"comment_status":"closed","ping_status":"closed","template":"","meta":[],"product_brand":[],"product_cat":[75],"product_tag":[401],"class_list":{"0":"post-7090","1":"product","2":"type-product","3":"status-publish","4":"has-post-thumbnail","6":"product_cat-tablillas-caza","7":"product_tag-tablillas-caza-1-orden","8":"product_shipping_class-tablillas","10":"first","11":"instock","12":"taxable","13":"shipping-taxable","14":"purchasable","15":"product-type-simple"},"_links":{"self":[{"href":"https:\/\/jauteco.com\/pt\/wp-json\/wp\/v2\/product\/7090","targetHints":{"allow":["GET"]}}],"collection":[{"href":"https:\/\/jauteco.com\/pt\/wp-json\/wp\/v2\/product"}],"about":[{"href":"https:\/\/jauteco.com\/pt\/wp-json\/wp\/v2\/types\/product"}],"replies":[{"embeddable":true,"href":"https:\/\/jauteco.com\/pt\/wp-json\/wp\/v2\/comments?post=7090"}],"version-history":[{"count":0,"href":"https:\/\/jauteco.com\/pt\/wp-json\/wp\/v2\/product\/7090\/revisions"}],"wp:featuredmedia":[{"embeddable":true,"href":"https:\/\/jauteco.com\/pt\/wp-json\/wp\/v2\/media\/7093"}],"wp:attachment":[{"href":"https:\/\/jauteco.com\/pt\/wp-json\/wp\/v2\/media?parent=7090"}],"wp:term":[{"taxonomy":"product_brand","embeddable":true,"href":"https:\/\/jauteco.com\/pt\/wp-json\/wp\/v2\/product_brand?post=7090"},{"taxonomy":"product_cat","embeddable":true,"href":"https:\/\/jauteco.com\/pt\/wp-json\/wp\/v2\/product_cat?post=7090"},{"taxonomy":"product_tag","embeddable":true,"href":"https:\/\/jauteco.com\/pt\/wp-json\/wp\/v2\/product_tag?post=7090"}],"curies":[{"name":"wp","href":"https:\/\/api.w.org\/{rel}","templated":true}]}}