{"id":713,"date":"2017-06-26T11:15:03","date_gmt":"2017-06-26T11:15:03","guid":{"rendered":"https:\/\/jauteco.com\/?post_type=product&#038;p=713"},"modified":"2026-02-11T10:19:22","modified_gmt":"2026-02-11T10:19:22","slug":"caca-controlada-catalunya","status":"publish","type":"product","link":"https:\/\/jauteco.com\/pt\/tienda\/caca-controlada-catalunya\/","title":{"rendered":"Comprimido CA\u00c7A CONTROLADA (Catalunya) 50 \u00d7 33"},"content":{"rendered":"<h2>Tablilla Ca\u00e7a Controlada<\/h2>\n<p>Tablilla Ca\u00e7a Controlada utilizada para informar de Caza Controlada en Catalu\u00f1a con medidas 50\u00d733.<\/p>\n<p>Os regulamentos indicam que este tablet \u00e9\u00a0<strong>usado na Catalunha,\u00a0<\/strong>sendo diferente do usado no resto da Espanha, eles usar\u00e3o os pr\u00f3prios que ser\u00e3o indicados em\u00a0<a href=\"https:\/\/jauteco.com\/pt\/senalizacion-cotos-caza\/\">normativo<\/a>.<\/p>\n<p>O tablet tem alguns\u00a0<strong>medidas 50 \u00d7 33<\/strong>, portanto, \u00e9 agrupado no primeiro pedido. Este tablet deve ser colocado antes do segundo pedido, para informar as pessoas.<\/p>\n<h3>Altamente refor\u00e7ado<\/h3>\n<p>Este Tablet \u00e9 feito de<strong>\u00a0Chapa de a\u00e7o galvanizada altamente refor\u00e7ada<\/strong>. Este material permite suportar intemp\u00e9ries, sendo um produto de alta resist\u00eancia.<\/p>\n<p>Recomenda-se colocar o Tablet firmemente no ch\u00e3o. O Tablet deve\u00a0<strong>sinal em um local vis\u00edvel<\/strong>\u00a0o perigo da ca\u00e7a controlada. Uma m\u00e1 coloca\u00e7\u00e3o da tala pode impedir que a pessoa seja avisada do perigo, entrando na \u00e1rea e colocando em risco sua integridade.<\/p>\n<p>As cores usadas por este Tablet s\u00e3o as<strong>\u00a0branco, com letras pretas<\/strong>. As cores usadas s\u00e3o comuns no tablet, para que o ser humano, ao v\u00ea-lo, saiba que \u00e9 um aviso importante.<\/p>","protected":false},"excerpt":{"rendered":"<p>Entrega em 24-72 horas em dias \u00fateis a partir da formaliza\u00e7\u00e3o do pagamento.<\/p>\n<p>Para grandes or\u00e7amentos, entre em contato conosco pelo 964 60 23 59 ou envie um e-mail para: info@jauteco.com.<\/p>","protected":false},"featured_media":970,"comment_status":"closed","ping_status":"closed","template":"","meta":[],"product_brand":[],"product_cat":[75],"product_tag":[401],"class_list":{"0":"post-713","1":"product","2":"type-product","3":"status-publish","4":"has-post-thumbnail","6":"product_cat-tablillas-caza","7":"product_tag-tablillas-caza-1-orden","8":"product_shipping_class-tablillas","10":"first","11":"instock","12":"taxable","13":"shipping-taxable","14":"purchasable","15":"product-type-simple"},"_links":{"self":[{"href":"https:\/\/jauteco.com\/pt\/wp-json\/wp\/v2\/product\/713","targetHints":{"allow":["GET"]}}],"collection":[{"href":"https:\/\/jauteco.com\/pt\/wp-json\/wp\/v2\/product"}],"about":[{"href":"https:\/\/jauteco.com\/pt\/wp-json\/wp\/v2\/types\/product"}],"replies":[{"embeddable":true,"href":"https:\/\/jauteco.com\/pt\/wp-json\/wp\/v2\/comments?post=713"}],"version-history":[{"count":0,"href":"https:\/\/jauteco.com\/pt\/wp-json\/wp\/v2\/product\/713\/revisions"}],"wp:featuredmedia":[{"embeddable":true,"href":"https:\/\/jauteco.com\/pt\/wp-json\/wp\/v2\/media\/970"}],"wp:attachment":[{"href":"https:\/\/jauteco.com\/pt\/wp-json\/wp\/v2\/media?parent=713"}],"wp:term":[{"taxonomy":"product_brand","embeddable":true,"href":"https:\/\/jauteco.com\/pt\/wp-json\/wp\/v2\/product_brand?post=713"},{"taxonomy":"product_cat","embeddable":true,"href":"https:\/\/jauteco.com\/pt\/wp-json\/wp\/v2\/product_cat?post=713"},{"taxonomy":"product_tag","embeddable":true,"href":"https:\/\/jauteco.com\/pt\/wp-json\/wp\/v2\/product_tag?post=713"}],"curies":[{"name":"wp","href":"https:\/\/api.w.org\/{rel}","templated":true}]}}