{"id":714,"date":"2017-06-26T11:16:22","date_gmt":"2017-06-26T11:16:22","guid":{"rendered":"https:\/\/jauteco.com\/?post_type=product&#038;p=714"},"modified":"2026-02-11T10:19:15","modified_gmt":"2026-02-11T10:19:15","slug":"zona-de-seguridad-andalucia","status":"publish","type":"product","link":"https:\/\/jauteco.com\/pt\/tienda\/zona-de-seguridad-andalucia\/","title":{"rendered":"Comprimido vermelho da zona de seguran\u00e7a (Andaluzia)"},"content":{"rendered":"<h2>Placa de Zona de Seguran\u00e7a<\/h2>\n<p>Tablilla Zona de Seguridad utilizada para informar de Zona de Seguridad en Andaluc\u00eda con medidas 50\u00d733.<\/p>\n<p>Os regulamentos indicam que este tablet \u00e9\u00a0<strong>utilizada en Andaluc\u00eda,\u00a0<\/strong>sendo diferente do usado no resto da Espanha, eles usar\u00e3o os pr\u00f3prios que ser\u00e3o indicados em\u00a0<a href=\"https:\/\/jauteco.com\/pt\/senalizacion-cotos-caza\/\">normativo<\/a>.<\/p>\n<p>O tablet tem alguns\u00a0<strong>medidas 50 \u00d7 33<\/strong>, por lo que est\u00e1 agrupada dentro de las de primer orden. Esta tablilla deber\u00e1 colocarse antes de las de segundo orden, para as\u00ed informar a las personas.Introducir el n\u00famero de coto a la hora de realizar la compra de la tablilla.<\/p>\n<h3>Altamente refor\u00e7ado<\/h3>\n<p>Este Tablet \u00e9 feito de<strong>\u00a0Chapa de a\u00e7o galvanizada altamente refor\u00e7ada<\/strong>. Este material permite suportar intemp\u00e9ries, sendo um produto de alta resist\u00eancia.<\/p>\n<p>Recomenda-se colocar o Tablet firmemente no ch\u00e3o. O Tablet deve\u00a0<strong>sinal em um local vis\u00edvel<\/strong>\u00a0el peligro por Zona de Seguridad. Una mala colocaci\u00f3n de la tablilla, puede impedir que la persona pueda ser advertida del peligro, adentr\u00e1ndose en la zona y as\u00ed poniendo en riesgo su integridad.<\/p>\n<p>As cores usadas por este Tablet s\u00e3o as<strong>\u00a0branco, com letras vermelhas<\/strong>.\u00a0Los colores utilizados son habituales en tablilla, por lo que el humano entender\u00e1 que se trata de una importante advertencia.<\/p>","protected":false},"excerpt":{"rendered":"<p>Para grandes cantidades, cont\u00e1ctenos por tel\u00e9fono \u00f3 e-mail para pedirnos presupuesto.<\/p>","protected":false},"featured_media":5054,"comment_status":"closed","ping_status":"closed","template":"","meta":[],"product_brand":[],"product_cat":[75],"product_tag":[424,401],"class_list":{"0":"post-714","1":"product","2":"type-product","3":"status-publish","4":"has-post-thumbnail","6":"product_cat-tablillas-caza","7":"product_tag-tablillas-con-placa-de-matricula","8":"product_tag-tablillas-caza-1-orden","9":"product_shipping_class-tablillas","11":"first","12":"instock","13":"taxable","14":"shipping-taxable","15":"purchasable","16":"product-type-simple"},"_links":{"self":[{"href":"https:\/\/jauteco.com\/pt\/wp-json\/wp\/v2\/product\/714","targetHints":{"allow":["GET"]}}],"collection":[{"href":"https:\/\/jauteco.com\/pt\/wp-json\/wp\/v2\/product"}],"about":[{"href":"https:\/\/jauteco.com\/pt\/wp-json\/wp\/v2\/types\/product"}],"replies":[{"embeddable":true,"href":"https:\/\/jauteco.com\/pt\/wp-json\/wp\/v2\/comments?post=714"}],"version-history":[{"count":0,"href":"https:\/\/jauteco.com\/pt\/wp-json\/wp\/v2\/product\/714\/revisions"}],"wp:featuredmedia":[{"embeddable":true,"href":"https:\/\/jauteco.com\/pt\/wp-json\/wp\/v2\/media\/5054"}],"wp:attachment":[{"href":"https:\/\/jauteco.com\/pt\/wp-json\/wp\/v2\/media?parent=714"}],"wp:term":[{"taxonomy":"product_brand","embeddable":true,"href":"https:\/\/jauteco.com\/pt\/wp-json\/wp\/v2\/product_brand?post=714"},{"taxonomy":"product_cat","embeddable":true,"href":"https:\/\/jauteco.com\/pt\/wp-json\/wp\/v2\/product_cat?post=714"},{"taxonomy":"product_tag","embeddable":true,"href":"https:\/\/jauteco.com\/pt\/wp-json\/wp\/v2\/product_tag?post=714"}],"curies":[{"name":"wp","href":"https:\/\/api.w.org\/{rel}","templated":true}]}}