{"id":7296,"date":"2024-02-09T04:17:59","date_gmt":"2024-02-09T04:17:59","guid":{"rendered":"https:\/\/jauteco.com\/?post_type=product&#038;p=7296"},"modified":"2025-01-10T10:49:09","modified_gmt":"2025-01-10T10:49:09","slug":"majano","status":"publish","type":"product","link":"https:\/\/jauteco.com\/pt\/tienda\/majano\/","title":{"rendered":"Majano modular"},"content":{"rendered":"<p>El Majano es un sistema avanzado y galardonado para la recuperaci\u00f3n de la poblaci\u00f3n de conejos del monte. Con su estructura circular de 3 metros de di\u00e1metro, fabricada en polipropileno inyectado, es resistente y duradero. Se compone de 6 segmentos y tapas, m\u00e1s una pieza central que une todo el conjunto, dise\u00f1ado para facilitar tanto el ensamblaje como el acceso a los conejos para su control y cuidado veterinario. Este h\u00e1bitat modular es desmontable, lo que permite una f\u00e1cil portabilidad e instalaci\u00f3n r\u00e1pida en cualquier entorno natural. Incorpora aberturas superiores que permiten supervisar el bienestar de los conejos y su captura segura. Una vez montado, mantiene aberturas laterales para el libre tr\u00e1nsito de los animales, asegurando su bienestar y contribuyendo al equilibrio ecol\u00f3gico.<\/p>","protected":false},"excerpt":{"rendered":"<p><strong>PRECIO CON ENV\u00cdO INCLU\u00cdDO A PEN\u00cdNSULA.<\/strong><\/p>\n<p style=\"font-weight: 400\"><em><strong>Los pedidos deben realizarse en cantidades pares debido a que los productos se paletizan de dos en dos. <\/strong><\/em><\/p>\n<p style=\"font-weight: 400\"><em><strong>El plazo estimado de entrega es entre 8 y 10 d\u00edas.<\/strong><\/em><\/p>\n<p>El Majano es recomendado por la Federaci\u00f3n Espa\u00f1ola de Caza y ha sido reconocido con un premio a la mejor invenci\u00f3n espa\u00f1ola, lo que refleja su importancia y eficacia en la conservaci\u00f3n de especies y el manejo ecosist\u00e9mico. El Majano es un refugio ecol\u00f3gico premiado para conejos del monte, dise\u00f1ado para integrarse en el ecosistema y promover la conservaci\u00f3n de la fauna. De f\u00e1cil montaje y resistente al clima, es ideal para la gesti\u00f3n sostenible de la vida silvestre.<\/p>\n<p>Casas ideales para conejos<br \/>\n\u2714\ufe0f Confortables<br \/>\n\u2714\ufe0f Aisladas t\u00e9rmicamente<br \/>\n\u2714\ufe0f Resistentes al paso de los animales dom\u00e9sticos<br \/>\n\u2714\ufe0f Registrables, facilitando las capturas para VACUNACION<br \/>\n\u2714\ufe0f\u00a0Transportables<br \/>\n\u2714\ufe0f Sencilla colocaci\u00f3n en solo unos minutos.<\/p>","protected":false},"featured_media":7299,"comment_status":"closed","ping_status":"closed","template":"","meta":[],"product_brand":[],"product_cat":[2708],"product_tag":[],"class_list":{"0":"post-7296","1":"product","2":"type-product","3":"status-publish","4":"has-post-thumbnail","6":"product_cat-sin-categoria","8":"first","9":"instock","10":"taxable","11":"shipping-taxable","12":"product-type-simple"},"_links":{"self":[{"href":"https:\/\/jauteco.com\/pt\/wp-json\/wp\/v2\/product\/7296","targetHints":{"allow":["GET"]}}],"collection":[{"href":"https:\/\/jauteco.com\/pt\/wp-json\/wp\/v2\/product"}],"about":[{"href":"https:\/\/jauteco.com\/pt\/wp-json\/wp\/v2\/types\/product"}],"replies":[{"embeddable":true,"href":"https:\/\/jauteco.com\/pt\/wp-json\/wp\/v2\/comments?post=7296"}],"version-history":[{"count":0,"href":"https:\/\/jauteco.com\/pt\/wp-json\/wp\/v2\/product\/7296\/revisions"}],"wp:featuredmedia":[{"embeddable":true,"href":"https:\/\/jauteco.com\/pt\/wp-json\/wp\/v2\/media\/7299"}],"wp:attachment":[{"href":"https:\/\/jauteco.com\/pt\/wp-json\/wp\/v2\/media?parent=7296"}],"wp:term":[{"taxonomy":"product_brand","embeddable":true,"href":"https:\/\/jauteco.com\/pt\/wp-json\/wp\/v2\/product_brand?post=7296"},{"taxonomy":"product_cat","embeddable":true,"href":"https:\/\/jauteco.com\/pt\/wp-json\/wp\/v2\/product_cat?post=7296"},{"taxonomy":"product_tag","embeddable":true,"href":"https:\/\/jauteco.com\/pt\/wp-json\/wp\/v2\/product_tag?post=7296"}],"curies":[{"name":"wp","href":"https:\/\/api.w.org\/{rel}","templated":true}]}}