{"id":731,"date":"2017-06-26T12:42:32","date_gmt":"2017-06-26T12:42:32","guid":{"rendered":"https:\/\/jauteco.com\/?post_type=product&#038;p=731"},"modified":"2026-02-11T10:18:20","modified_gmt":"2026-02-11T10:18:20","slug":"prohibit-cacar-en-aquesta-zona","status":"publish","type":"product","link":"https:\/\/jauteco.com\/pt\/tienda\/prohibit-cacar-en-aquesta-zona\/","title":{"rendered":"PROIBIDO CA\u00c7AR em tablet AQUESTA AREA 50 \u00d7 33"},"content":{"rendered":"<h2>Placa de Zona de Seguran\u00e7a<\/h2>\n<p>Comprimido Proibir Ca\u00e7ar na Zona Aquesta\u00a0<strong>usado para sinaliza\u00e7\u00e3o\u00a0<\/strong>em \u00e1reas de l\u00edngua catal\u00e3 com medidas 50 \u00d7 33, de primeira ordem.<\/p>\n<p>Os regulamentos indicam que este tablet est\u00e1 marcado como\u00a0<strong>usado em \u00e1reas de l\u00edngua catal\u00e3,\u00a0<\/strong>sendo diferente do usado no resto da Espanha que usar\u00e1 o indicado em seu\u00a0<a href=\"https:\/\/jauteco.com\/pt\/senalizacion-cotos-caza\/\">normativo<\/a>.<\/p>\n<p>O tablet tem alguns\u00a0<strong>medidas 50 \u00d7 33<\/strong>, por isso \u00e9 agrupado na primeira ordem. Esta tabuinha deve ser colocada antes das de segunda ordem, para informar as pessoas da Ca\u00e7a Proibida nesta Zona.<\/p>\n<p>Este tablet \u00e9 feito com um<strong>\u00a0Chapa de a\u00e7o galvanizada altamente refor\u00e7ada<\/strong>. Este material permite suportar intemp\u00e9ries.<\/p>\n<p>Recomenda-se comprar o\u00a0<a href=\"https:\/\/jauteco.com\/pt\/tienda\/mastil-180-m-incluye-tornillos\/\">mastros<\/a>\u00a0junto com o tablet, porque ele pode ser consertado. O Tablet deve\u00a0<strong>sinalizar em local vis\u00edvel a Proibi\u00e7\u00e3o de Ca\u00e7a nesta \u00c1rea<\/strong>. A m\u00e1 coloca\u00e7\u00e3o da tala, pode impedir a pessoa de ser avisada, podendo entrar na Zona de Ca\u00e7a colocando em risco a sua integridade.<\/p>\n<p>As cores usadas por este Tablet s\u00e3o as<strong>\u00a0branco, com letras vermelhas<\/strong>. As cores usadas s\u00e3o comuns em um tablet, ent\u00e3o o humano saber\u00e1 que \u00e9 um aviso importante.<\/p>","protected":false},"excerpt":{"rendered":"<p>Para grandes or\u00e7amentos, entre em contato conosco pelo 964 60 23 59 ou envie um e-mail para: info@jauteco.com.<\/p>","protected":false},"featured_media":732,"comment_status":"closed","ping_status":"closed","template":"","meta":[],"product_brand":[],"product_cat":[75],"product_tag":[401],"class_list":{"0":"post-731","1":"product","2":"type-product","3":"status-publish","4":"has-post-thumbnail","6":"product_cat-tablillas-caza","7":"product_tag-tablillas-caza-1-orden","8":"product_shipping_class-tablillas","10":"first","11":"instock","12":"taxable","13":"shipping-taxable","14":"purchasable","15":"product-type-simple"},"_links":{"self":[{"href":"https:\/\/jauteco.com\/pt\/wp-json\/wp\/v2\/product\/731","targetHints":{"allow":["GET"]}}],"collection":[{"href":"https:\/\/jauteco.com\/pt\/wp-json\/wp\/v2\/product"}],"about":[{"href":"https:\/\/jauteco.com\/pt\/wp-json\/wp\/v2\/types\/product"}],"replies":[{"embeddable":true,"href":"https:\/\/jauteco.com\/pt\/wp-json\/wp\/v2\/comments?post=731"}],"version-history":[{"count":0,"href":"https:\/\/jauteco.com\/pt\/wp-json\/wp\/v2\/product\/731\/revisions"}],"wp:featuredmedia":[{"embeddable":true,"href":"https:\/\/jauteco.com\/pt\/wp-json\/wp\/v2\/media\/732"}],"wp:attachment":[{"href":"https:\/\/jauteco.com\/pt\/wp-json\/wp\/v2\/media?parent=731"}],"wp:term":[{"taxonomy":"product_brand","embeddable":true,"href":"https:\/\/jauteco.com\/pt\/wp-json\/wp\/v2\/product_brand?post=731"},{"taxonomy":"product_cat","embeddable":true,"href":"https:\/\/jauteco.com\/pt\/wp-json\/wp\/v2\/product_cat?post=731"},{"taxonomy":"product_tag","embeddable":true,"href":"https:\/\/jauteco.com\/pt\/wp-json\/wp\/v2\/product_tag?post=731"}],"curies":[{"name":"wp","href":"https:\/\/api.w.org\/{rel}","templated":true}]}}