{"id":7326,"date":"2024-02-13T10:47:43","date_gmt":"2024-02-13T10:47:43","guid":{"rendered":"https:\/\/jauteco.com\/?post_type=product&#038;p=7326"},"modified":"2026-03-30T15:20:27","modified_gmt":"2026-03-30T15:20:27","slug":"jaula-trampa-jabali-captura-multiple","status":"publish","type":"product","link":"https:\/\/jauteco.com\/pt\/tienda\/jaula-trampa-jabali-captura-multiple\/","title":{"rendered":"Jaula Trampa Jabal\u00ed Captura M\u00faltiple"},"content":{"rendered":"<div data-elementor-type=\"product-post\" data-elementor-id=\"7326\" class=\"elementor elementor-7326\" data-elementor-post-type=\"product\">\n\t\t\t\t<div class=\"elementor-element elementor-element-224d34f0 e-flex e-con-boxed e-con e-parent\" data-id=\"224d34f0\" data-element_type=\"container\">\n\t\t\t\t\t<div class=\"e-con-inner\">\n\t\t\t\t<div class=\"elementor-element elementor-element-cd3322c elementor-widget elementor-widget-video\" data-id=\"cd3322c\" data-element_type=\"widget\" id=\"jaulajabalies\" data-settings=\"{&quot;youtube_url&quot;:&quot;https:\\\/\\\/www.youtube.com\\\/watch?v=aVs1kqrzmoE&quot;,&quot;video_type&quot;:&quot;youtube&quot;,&quot;controls&quot;:&quot;yes&quot;}\" data-widget_type=\"video.default\">\n\t\t\t\t<div class=\"elementor-widget-container\">\n\t\t\t\t\t<div class=\"elementor-wrapper elementor-open-inline\">\n\t\t\t<div class=\"elementor-video\"><\/div>\t\t<\/div>\n\t\t\t\t<\/div>\n\t\t\t\t<\/div>\n\t\t\t\t<div class=\"elementor-element elementor-element-4600da4c elementor-widget elementor-widget-text-editor\" data-id=\"4600da4c\" data-element_type=\"widget\" data-widget_type=\"text-editor.default\">\n\t\t\t\t<div class=\"elementor-widget-container\">\n\t\t\t\t\t\t\t<h2>Jaula Trampa Jabal\u00ed captura m\u00faltiple HOMOLOGADA<\/h2>\n<p>A gaiola da armadilha de javali \u00e9<strong> projetado com materiais refor\u00e7ados,<\/strong>&nbsp;Isso torna eficaz a ca\u00e7a ao javali. Desta forma <strong>o animal n\u00e3o pode escapar<\/strong>, a vez que <strong>N\u00e3o sofrer\u00e1 danos.<\/strong><\/p>\n<p>A armadilha tem nossa <strong>sistema de fechamento de guilhotina bem sucedido<\/strong>, pois \u00e9 muito eficaz. \u00c9 feito de malha de a\u00e7o galvanizado e esmaltado em verde para integrar-se \u00e0 natureza. Os lados s\u00e3o refor\u00e7ados com barras de a\u00e7o grossas.<\/p>\n<p>Para tener una mayor eficacia es recomendable cebarlo con alg\u00fan cereal (ma\u00edz, trigo, cebada etc.).<br>Cuando se aproximar\u00e1 el animal al final de la jaula empujar\u00e1 el hilo que hemos previsto para este fin, inmediatamente la puerta se bajar\u00e1 quedando atrapado\/s sin opci\u00f3n de salir.<\/p>\n<h3>Adapt\u00e1vel ao ambiente natural<\/h3>\n<p>As cores verdes da armadilha <strong>permitir adaptar-se ao ambiente natural<\/strong>, portanto, n\u00e3o causa raridade aos animais.<\/p>\n<p><strong>DESMONTABLE:<\/strong> \u00c9 <strong>muito simples de montar<\/strong>. Solo se ha de introducir el accionado inferior y unir los 4 lados mediante tornillos incluidos, la puerta se colocar\u00e1 al final del montaje.<\/p>\n<p><strong>Caracter\u00edsticas:<\/strong><\/p>\n<p>Dimensiones: 185 x 102 x 85 cm. (largo x ancho x alto).<br>Peso: 80 Kg. Aprox.<\/p>\n<p><em>Este producto cumple con todas las normativas de la Ley de Protecci\u00f3n Animal. Es Recomendable visitar la Jaula Trampa cada d\u00eda, para evitar que el Jabal\u00ed capturado pasar hambre o sufriera de exposici\u00f3n.<\/em><\/p>\t\t\t\t\t\t<\/div>\n\t\t\t\t<\/div>\n\t\t\t\t\t<\/div>\n\t\t\t\t<\/div>\n\t\t<div class=\"elementor-element elementor-element-6345f20 e-flex e-con-boxed e-con e-parent\" data-id=\"6345f20\" data-element_type=\"container\">\n\t\t\t\t\t<div class=\"e-con-inner\">\n\t\t\t\t<div class=\"elementor-element elementor-element-97037c2 elementor-widget elementor-widget-video\" data-id=\"97037c2\" data-element_type=\"widget\" data-settings=\"{&quot;youtube_url&quot;:&quot;https:\\\/\\\/www.youtube.com\\\/watch?v=aVs1kqrzmoE&quot;,&quot;video_type&quot;:&quot;youtube&quot;,&quot;controls&quot;:&quot;yes&quot;}\" data-widget_type=\"video.default\">\n\t\t\t\t<div class=\"elementor-widget-container\">\n\t\t\t\t\t<div class=\"elementor-wrapper elementor-open-inline\">\n\t\t\t<div class=\"elementor-video\"><\/div>\t\t<\/div>\n\t\t\t\t<\/div>\n\t\t\t\t<\/div>\n\t\t\t\t\t<\/div>\n\t\t\t\t<\/div>\n\t\t\t\t<\/div>","protected":false},"excerpt":{"rendered":"<p><span style=\"color: #008000;\"><b>Homologada por Conseller\u00eda de Medio ambiente de la C. Valenciana.<br \/>\n(Patentada)<\/b><\/span><\/p>\n<p><strong>PLAZO DE ENTREGA: 7 a 10 d\u00edas<\/strong> (si su pedido es urgente cons\u00faltenos el tiempo de env\u00edo antes de realizar su pedido).<\/p>\n<p>La Jaula Trampa Jabal\u00ed captura <strong>hasta 10 jabal\u00edes<\/strong>, tiene nuestro exitoso sistema de cierre guillotina, es muy efectiva, est\u00e1 fabricada con malla de acero galvanizado y esmaltada en verde para integrarse con la naturaleza, los laterales est\u00e1n reforzados con gruesas barras de acero.<\/p>\n<p><a href=\"#jaulajabalies\"><strong>\u2794 VER V\u00cdDEO<\/strong><\/a><\/p>\n<p><strong>REMOV\u00cdVEL<\/strong>: Es muy sencilla de montar. Solo se ha de introducir el accionado inferior y unir los 4 lados mediante tornillos incluidos, la puerta se colocar\u00e1 al final del montaje.<\/p>\n<p><strong><span style=\"color: #ff0000;\">\u00a1Novedad! <\/span><\/strong><a href=\"https:\/\/jauteco.com\/pt\/tienda\/avisapro-v1\/\" target=\"_blank\" rel=\"noopener\"><strong><span style=\"color: #ff0000;\"><span style=\"color: #008000;\">AvisaPro V1 &#8211; Alertas SMS de Animal Capturado:<\/span> <\/span><\/strong><\/a>es un sistema de alertas 24 horas que le enviar\u00e1 una notificaci\u00f3n a su m\u00f3vil cuando la Jaula Trampa cierre las puertas. \u00bfPara qu\u00e9 hacer viajes innecesarios a revisar la jaula si tu m\u00f3vil puede avisarte? desc\u00fabrelo haciendo click en: <a href=\"https:\/\/jauteco.com\/pt\/tienda\/avisapro-v1\/\" target=\"_blank\" rel=\"noopener\"><strong>AvisaPro V1\u00a0<\/strong><\/a><\/p>","protected":false},"featured_media":9577,"comment_status":"closed","ping_status":"closed","template":"","meta":[],"product_brand":[],"product_cat":[122],"product_tag":[654,659,652],"class_list":{"0":"post-7326","1":"product","2":"type-product","3":"status-publish","4":"has-post-thumbnail","6":"product_cat-jaulas-trampa","7":"product_tag-jaula-trampa","8":"product_tag-jaula-trampa-mamiferos","9":"product_tag-jaulas-trampa","10":"product_shipping_class-jaulas","12":"first","13":"instock","14":"taxable","15":"shipping-taxable","16":"purchasable","17":"product-type-variable","18":"has-default-attributes"},"_links":{"self":[{"href":"https:\/\/jauteco.com\/pt\/wp-json\/wp\/v2\/product\/7326","targetHints":{"allow":["GET"]}}],"collection":[{"href":"https:\/\/jauteco.com\/pt\/wp-json\/wp\/v2\/product"}],"about":[{"href":"https:\/\/jauteco.com\/pt\/wp-json\/wp\/v2\/types\/product"}],"replies":[{"embeddable":true,"href":"https:\/\/jauteco.com\/pt\/wp-json\/wp\/v2\/comments?post=7326"}],"version-history":[{"count":0,"href":"https:\/\/jauteco.com\/pt\/wp-json\/wp\/v2\/product\/7326\/revisions"}],"wp:featuredmedia":[{"embeddable":true,"href":"https:\/\/jauteco.com\/pt\/wp-json\/wp\/v2\/media\/9577"}],"wp:attachment":[{"href":"https:\/\/jauteco.com\/pt\/wp-json\/wp\/v2\/media?parent=7326"}],"wp:term":[{"taxonomy":"product_brand","embeddable":true,"href":"https:\/\/jauteco.com\/pt\/wp-json\/wp\/v2\/product_brand?post=7326"},{"taxonomy":"product_cat","embeddable":true,"href":"https:\/\/jauteco.com\/pt\/wp-json\/wp\/v2\/product_cat?post=7326"},{"taxonomy":"product_tag","embeddable":true,"href":"https:\/\/jauteco.com\/pt\/wp-json\/wp\/v2\/product_tag?post=7326"}],"curies":[{"name":"wp","href":"https:\/\/api.w.org\/{rel}","templated":true}]}}