{"id":735,"date":"2017-06-26T12:45:05","date_gmt":"2017-06-26T12:45:05","guid":{"rendered":"https:\/\/jauteco.com\/?post_type=product&#038;p=735"},"modified":"2026-02-11T10:18:01","modified_gmt":"2026-02-11T10:18:01","slug":"coto-social-de-caza-aragon","status":"publish","type":"product","link":"https:\/\/jauteco.com\/pt\/tienda\/coto-social-de-caza-aragon\/","title":{"rendered":"Comprimido COTO SOCIAL DE CAZA (Arag\u00e3o) 50 \u00d7 33"},"content":{"rendered":"<h2>Tablet Coto Social de Caza<\/h2>\n<p>Ripa\u00a0<b>Coto Social<\/b>\u00a0de Caza utilizada para los Cotos de Caza en Arag\u00f3n con medidas 50\u00d733.<\/p>\n<p>Os regulamentos indicam que este tablet \u00e9\u00a0<strong>usado em Arag\u00e3o<\/strong>, el resto de las Comunidades Aut\u00f3nomas utilizaran otras tablillas para las indicar los Cotos, as\u00ed en estas zonas utilizar\u00e1n la indicada en su\u00a0<a href=\"https:\/\/jauteco.com\/pt\/senalizacion-cotos-caza\/\">normativo<\/a>.<\/p>\n<p>O tablet tem alguns\u00a0<strong>medidas 50 \u00d7 33<\/strong>, portanto, \u00e9 agrupado no primeiro pedido. Este tablet deve ser colocado antes do segundo pedido, para informar as pessoas.<\/p>\n<h3>Altamente refor\u00e7ado<\/h3>\n<p>Este tablet \u00e9 feito com um\u00a0<strong>chapa de Acero Galvanizado.\u00a0<\/strong>Este material le permite aguantar inclemencias meteorol\u00f3gicas.<\/p>\n<p>Recomenda-se colocar o Tablet firmemente no ch\u00e3o. O Tablet deve\u00a0<strong>sinal em um local vis\u00edvel<\/strong>\u00a0o perigo da ca\u00e7a. Uma m\u00e1 coloca\u00e7\u00e3o da tala pode impedir que a pessoa seja avisada do perigo, entrando na \u00e1rea e colocando em risco sua integridade.<\/p>\n<p>O fundo branco com letras pretas faz o Tablet\u00a0<strong>tenha uma leitura f\u00e1cil<\/strong>. La parte superior de la Tablilla se encuentra el logo de la Comunidad de Arag\u00f3n, indicando que el Coto Social se encuentra en este territorio.<\/p>","protected":false},"excerpt":{"rendered":"<p>Ripa\u00a0<b>Coto Social<\/b>\u00a0de Caza utilizada para los Cotos de Caza en Arag\u00f3n con medidas 50\u00d733.<\/p>\n<p>Para grandes or\u00e7amentos, entre em contato conosco pelo 964 60 23 59 ou envie um e-mail para: info@jauteco.com.<\/p>","protected":false},"featured_media":736,"comment_status":"closed","ping_status":"closed","template":"","meta":[],"product_brand":[],"product_cat":[75],"product_tag":[589,401],"class_list":{"0":"post-735","1":"product","2":"type-product","3":"status-publish","4":"has-post-thumbnail","6":"product_cat-tablillas-caza","7":"product_tag-aragon","8":"product_tag-tablillas-caza-1-orden","9":"product_shipping_class-tablillas","11":"first","12":"instock","13":"taxable","14":"shipping-taxable","15":"purchasable","16":"product-type-simple"},"_links":{"self":[{"href":"https:\/\/jauteco.com\/pt\/wp-json\/wp\/v2\/product\/735","targetHints":{"allow":["GET"]}}],"collection":[{"href":"https:\/\/jauteco.com\/pt\/wp-json\/wp\/v2\/product"}],"about":[{"href":"https:\/\/jauteco.com\/pt\/wp-json\/wp\/v2\/types\/product"}],"replies":[{"embeddable":true,"href":"https:\/\/jauteco.com\/pt\/wp-json\/wp\/v2\/comments?post=735"}],"version-history":[{"count":0,"href":"https:\/\/jauteco.com\/pt\/wp-json\/wp\/v2\/product\/735\/revisions"}],"wp:featuredmedia":[{"embeddable":true,"href":"https:\/\/jauteco.com\/pt\/wp-json\/wp\/v2\/media\/736"}],"wp:attachment":[{"href":"https:\/\/jauteco.com\/pt\/wp-json\/wp\/v2\/media?parent=735"}],"wp:term":[{"taxonomy":"product_brand","embeddable":true,"href":"https:\/\/jauteco.com\/pt\/wp-json\/wp\/v2\/product_brand?post=735"},{"taxonomy":"product_cat","embeddable":true,"href":"https:\/\/jauteco.com\/pt\/wp-json\/wp\/v2\/product_cat?post=735"},{"taxonomy":"product_tag","embeddable":true,"href":"https:\/\/jauteco.com\/pt\/wp-json\/wp\/v2\/product_tag?post=735"}],"curies":[{"name":"wp","href":"https:\/\/api.w.org\/{rel}","templated":true}]}}