{"id":7404,"date":"2024-03-04T13:57:24","date_gmt":"2024-03-04T13:57:24","guid":{"rendered":"https:\/\/jauteco.com\/?post_type=product&#038;p=7404"},"modified":"2025-01-22T10:05:43","modified_gmt":"2025-01-22T10:05:43","slug":"tolva-engorde-cerdos","status":"publish","type":"product","link":"https:\/\/jauteco.com\/pt\/tienda\/tolva-engorde-cerdos\/","title":{"rendered":"Tolva engorde cerdos"},"content":{"rendered":"<p>Nuestra Tolva de Engorde Doble para cerdos es la elecci\u00f3n perfecta para quienes buscan calidad y eficiencia. Fabricada con hormig\u00f3n de la m\u00e1s alta calidad, garantiza una resistencia m\u00ednima de 35 N\/mm\u00b2, lo que la convierte en una soluci\u00f3n duradera para la alimentaci\u00f3n animal. Dise\u00f1ada pensando en la practicidad, sus dimensiones y pesos nominales facilitan su uso y manejo. Invierte en una soluci\u00f3n de alimentaci\u00f3n que combina resistencia, calidad y dise\u00f1o \u00f3ptimo para el bienestar de tus cerdos.<\/p>\n<p>&nbsp;<\/p>\n<p>Peso: 140kg.<\/p>\n<p>Medidas: 45 x 55 x 90 cm (AxBxH)<\/p>\n<ul>\n<li>4 uds. por palet.<\/li>\n<\/ul>","protected":false},"excerpt":{"rendered":"<p>Maximiza la eficiencia en la alimentaci\u00f3n de tus cerdos con nuestra Tolva de Engorde Doble, construida con hormig\u00f3n de alta resistencia para asegurar durabilidad y rendimiento \u00f3ptimo.<\/p>\n<h3><i>Entre em contato conosco indicando seu local de destino e informaremos sobre os custos de envio (a compra on-line deste produto n\u00e3o est\u00e1 dispon\u00edvel devido ao seu alto peso)<\/i><\/h3>\n<p>&nbsp;<\/p>\n<p>&nbsp;<\/p>","protected":false},"featured_media":7408,"comment_status":"closed","ping_status":"closed","template":"","meta":[],"product_brand":[],"product_cat":[2708,9],"product_tag":[2219],"class_list":{"0":"post-7404","1":"product","2":"type-product","3":"status-publish","4":"has-post-thumbnail","6":"product_cat-sin-categoria","7":"product_cat-comederos","8":"product_tag-comedero-hormigon","9":"product_shipping_class-jaulas","11":"first","12":"instock","13":"taxable","14":"shipping-taxable","15":"product-type-simple"},"_links":{"self":[{"href":"https:\/\/jauteco.com\/pt\/wp-json\/wp\/v2\/product\/7404","targetHints":{"allow":["GET"]}}],"collection":[{"href":"https:\/\/jauteco.com\/pt\/wp-json\/wp\/v2\/product"}],"about":[{"href":"https:\/\/jauteco.com\/pt\/wp-json\/wp\/v2\/types\/product"}],"replies":[{"embeddable":true,"href":"https:\/\/jauteco.com\/pt\/wp-json\/wp\/v2\/comments?post=7404"}],"version-history":[{"count":0,"href":"https:\/\/jauteco.com\/pt\/wp-json\/wp\/v2\/product\/7404\/revisions"}],"wp:featuredmedia":[{"embeddable":true,"href":"https:\/\/jauteco.com\/pt\/wp-json\/wp\/v2\/media\/7408"}],"wp:attachment":[{"href":"https:\/\/jauteco.com\/pt\/wp-json\/wp\/v2\/media?parent=7404"}],"wp:term":[{"taxonomy":"product_brand","embeddable":true,"href":"https:\/\/jauteco.com\/pt\/wp-json\/wp\/v2\/product_brand?post=7404"},{"taxonomy":"product_cat","embeddable":true,"href":"https:\/\/jauteco.com\/pt\/wp-json\/wp\/v2\/product_cat?post=7404"},{"taxonomy":"product_tag","embeddable":true,"href":"https:\/\/jauteco.com\/pt\/wp-json\/wp\/v2\/product_tag?post=7404"}],"curies":[{"name":"wp","href":"https:\/\/api.w.org\/{rel}","templated":true}]}}