{"id":741,"date":"2017-06-26T12:51:07","date_gmt":"2017-06-26T12:51:07","guid":{"rendered":"https:\/\/jauteco.com\/?post_type=product&#038;p=741"},"modified":"2026-02-11T10:17:41","modified_gmt":"2026-02-11T10:17:41","slug":"zona-restringida-siembra-de-caza-espana-modelo-c-119","status":"publish","type":"product","link":"https:\/\/jauteco.com\/pt\/tienda\/zona-restringida-siembra-de-caza-espana-modelo-c-119\/","title":{"rendered":"ZAP RESTRITA SIEMBRA DE CAZA (Espanha) 50 \u00d7 33"},"content":{"rendered":"<h2>Semeadura de ca\u00e7a em zona restrita para pastilhas<\/h2>\n<p>Ripa\u00a0<strong>Semeadura de Ca\u00e7a em \u00c1rea Restrita<\/strong>\u00a0utilizado para o aviso de ca\u00e7a semeadura em Espanha, com medidas 50 \u00d7 33.<\/p>\n<p>Os regulamentos indicam que este tablet \u00e9\u00a0<strong>utilizado em todo o territ\u00f3rio nacional<\/strong>, com exce\u00e7\u00e3o das comunidades aut\u00f4nomas que possuem seu pr\u00f3prio tablet, portanto, nessas \u00e1reas, eles usar\u00e3o o indicado em seus\u00a0<a href=\"https:\/\/jauteco.com\/pt\/senalizacion-cotos-caza\/\">normativo<\/a>.<\/p>\n<p>O tablet tem alguns\u00a0<strong>medidas 50 \u00d7 33<\/strong>, portanto, \u00e9 agrupado no primeiro pedido. Este tablet deve ser colocado antes do segundo pedido, para informar as pessoas.<\/p>\n<h3>Altamente refor\u00e7ado<\/h3>\n<p>Este tablet \u00e9 feito com um\u00a0<strong>Chapa de a\u00e7o galvanizada\u00a0<\/strong>altamente refor\u00e7ado. Este material permite suportar intemp\u00e9ries.<\/p>\n<p>Recomenda-se comprar o\u00a0<a href=\"https:\/\/jauteco.com\/pt\/tienda\/mastil-180-m-incluye-tornillos\/\">mastros<\/a>\u00a0junto com o tablet, porque ele pode ser consertado. O Tablet deve\u00a0<strong>sinal em um local vis\u00edvel<\/strong>\u00a0o perigo da semeadura de ca\u00e7a em zona restrita. Uma m\u00e1 coloca\u00e7\u00e3o da tala pode impedir que a pessoa seja avisada do perigo, entrando na \u00e1rea e colocando em risco sua integridade.<\/p>\n<p>Fundo branco com letras pretas fazem o Tablet\u00a0<strong>atraente<\/strong>. Os regulamentos permitem que este tablet seja usado no territ\u00f3rio espanhol.<\/p>","protected":false},"excerpt":{"rendered":"<p>Para grandes cantidades, cont\u00e1ctenos por tel\u00e9fono \u00f3 e-mail para pedirnos presupuesto.<\/p>","protected":false},"featured_media":7453,"comment_status":"closed","ping_status":"closed","template":"","meta":[],"product_brand":[],"product_cat":[75],"product_tag":[401],"class_list":{"0":"post-741","1":"product","2":"type-product","3":"status-publish","4":"has-post-thumbnail","6":"product_cat-tablillas-caza","7":"product_tag-tablillas-caza-1-orden","8":"product_shipping_class-tablillas","10":"first","11":"instock","12":"taxable","13":"shipping-taxable","14":"purchasable","15":"product-type-simple"},"_links":{"self":[{"href":"https:\/\/jauteco.com\/pt\/wp-json\/wp\/v2\/product\/741","targetHints":{"allow":["GET"]}}],"collection":[{"href":"https:\/\/jauteco.com\/pt\/wp-json\/wp\/v2\/product"}],"about":[{"href":"https:\/\/jauteco.com\/pt\/wp-json\/wp\/v2\/types\/product"}],"replies":[{"embeddable":true,"href":"https:\/\/jauteco.com\/pt\/wp-json\/wp\/v2\/comments?post=741"}],"version-history":[{"count":0,"href":"https:\/\/jauteco.com\/pt\/wp-json\/wp\/v2\/product\/741\/revisions"}],"wp:featuredmedia":[{"embeddable":true,"href":"https:\/\/jauteco.com\/pt\/wp-json\/wp\/v2\/media\/7453"}],"wp:attachment":[{"href":"https:\/\/jauteco.com\/pt\/wp-json\/wp\/v2\/media?parent=741"}],"wp:term":[{"taxonomy":"product_brand","embeddable":true,"href":"https:\/\/jauteco.com\/pt\/wp-json\/wp\/v2\/product_brand?post=741"},{"taxonomy":"product_cat","embeddable":true,"href":"https:\/\/jauteco.com\/pt\/wp-json\/wp\/v2\/product_cat?post=741"},{"taxonomy":"product_tag","embeddable":true,"href":"https:\/\/jauteco.com\/pt\/wp-json\/wp\/v2\/product_tag?post=741"}],"curies":[{"name":"wp","href":"https:\/\/api.w.org\/{rel}","templated":true}]}}