{"id":750,"date":"2017-06-26T13:02:37","date_gmt":"2017-06-26T13:02:37","guid":{"rendered":"https:\/\/jauteco.com\/?post_type=product&#038;p=750"},"modified":"2026-02-11T10:17:21","modified_gmt":"2026-02-11T10:17:21","slug":"reserva-regional-de-caza-castilla-y-leon-2","status":"publish","type":"product","link":"https:\/\/jauteco.com\/pt\/tienda\/reserva-regional-de-caza-castilla-y-leon-2\/","title":{"rendered":"Tabela Reserva Regional de Ca\u00e7a (Castela e Le\u00e3o) 50 \u00d7 33"},"content":{"rendered":"<h2>Regional Hunting Reserve Tablet<\/h2>\n<p>Tablet Regional Reserve Game usado para relatar Game Reserve em Castilla e Le\u00e3o com medidas 50 \u00d7 33.<\/p>\n<p>Os regulamentos indicam que este tablet \u00e9\u00a0<strong>usado em Castilla y Le\u00f3n,\u00a0<\/strong>Sendo um modelo diferente do restante da Espanha, em cada \u00e1rea eles usar\u00e3o o indicado em suas\u00a0<a href=\"https:\/\/jauteco.com\/pt\/senalizacion-cotos-caza\/\">normativo<\/a>.<\/p>\n<p>O tablet tem alguns\u00a0<strong>medidas 50 \u00d7 33<\/strong>, portanto, \u00e9 agrupado no primeiro pedido. Este tablet deve ser colocado antes do segundo pedido, para informar as pessoas.<\/p>\n<h3>Altamente refor\u00e7ado<\/h3>\n<p>Este tablet \u00e9 feito com um<strong>\u00a0chapa altamente refor\u00e7ada<\/strong>. Este material permite suportar intemp\u00e9ries, bem como golpes de animais.<\/p>\n<p>Recomenda-se colocar o Tablet firmemente no ch\u00e3o. O Tablet deve\u00a0<strong>sinal em um local vis\u00edvel<\/strong>\u00a0o perigo da ca\u00e7a. Uma m\u00e1 coloca\u00e7\u00e3o da tala pode impedir que a pessoa seja avisada do perigo, entrando na \u00e1rea e colocando em risco sua integridade.<\/p>\n<p>O fundo branco com letras pretas faz o Tablet\u00a0<strong>tenha uma leitura f\u00e1cil<\/strong>.L<span style=\"font-size: 14.4px\">um Tablilla tem o escudo de Castilla e Le\u00e3o em seu design, portanto os Tablillas s\u00e3o projetados para uso nesta Comunidade Aut\u00f4noma.<\/span><\/p>","protected":false},"excerpt":{"rendered":"<p>Tablet Regional Reserve Game usado para relatar Game Reserve em Castilla e Le\u00e3o com medidas 50 \u00d7 33.<\/p>\n<p>Para grandes or\u00e7amentos, entre em contato conosco pelo 964 60 23 59 ou envie um e-mail para: info@jauteco.com.<\/p>","protected":false},"featured_media":989,"comment_status":"closed","ping_status":"closed","template":"","meta":[],"product_brand":[],"product_cat":[75],"product_tag":[401],"class_list":{"0":"post-750","1":"product","2":"type-product","3":"status-publish","4":"has-post-thumbnail","6":"product_cat-tablillas-caza","7":"product_tag-tablillas-caza-1-orden","8":"product_shipping_class-tablillas","10":"first","11":"instock","12":"taxable","13":"shipping-taxable","14":"purchasable","15":"product-type-simple"},"_links":{"self":[{"href":"https:\/\/jauteco.com\/pt\/wp-json\/wp\/v2\/product\/750","targetHints":{"allow":["GET"]}}],"collection":[{"href":"https:\/\/jauteco.com\/pt\/wp-json\/wp\/v2\/product"}],"about":[{"href":"https:\/\/jauteco.com\/pt\/wp-json\/wp\/v2\/types\/product"}],"replies":[{"embeddable":true,"href":"https:\/\/jauteco.com\/pt\/wp-json\/wp\/v2\/comments?post=750"}],"version-history":[{"count":0,"href":"https:\/\/jauteco.com\/pt\/wp-json\/wp\/v2\/product\/750\/revisions"}],"wp:featuredmedia":[{"embeddable":true,"href":"https:\/\/jauteco.com\/pt\/wp-json\/wp\/v2\/media\/989"}],"wp:attachment":[{"href":"https:\/\/jauteco.com\/pt\/wp-json\/wp\/v2\/media?parent=750"}],"wp:term":[{"taxonomy":"product_brand","embeddable":true,"href":"https:\/\/jauteco.com\/pt\/wp-json\/wp\/v2\/product_brand?post=750"},{"taxonomy":"product_cat","embeddable":true,"href":"https:\/\/jauteco.com\/pt\/wp-json\/wp\/v2\/product_cat?post=750"},{"taxonomy":"product_tag","embeddable":true,"href":"https:\/\/jauteco.com\/pt\/wp-json\/wp\/v2\/product_tag?post=750"}],"curies":[{"name":"wp","href":"https:\/\/api.w.org\/{rel}","templated":true}]}}