{"id":754,"date":"2017-06-26T13:04:54","date_gmt":"2017-06-26T13:04:54","guid":{"rendered":"https:\/\/jauteco.com\/?post_type=product&#038;p=754"},"modified":"2026-02-11T10:05:55","modified_gmt":"2026-02-11T10:05:55","slug":"zona-de-seguridad-c-valenciana","status":"publish","type":"product","link":"https:\/\/jauteco.com\/pt\/tienda\/zona-de-seguridad-c-valenciana\/","title":{"rendered":"Tablet preto da zona de seguran\u00e7a (C. Valenciana) 50 \u00d7 33"},"content":{"rendered":"<h2>Placa de Zona de Seguran\u00e7a<\/h2>\n<p>Placa de Zona de Seguran\u00e7a\u00a0<strong>usado para sinaliza\u00e7\u00e3o\u00a0<\/strong>en la Comunidad Valenciana con medidas 50\u00d733, de primer orden.<\/p>\n<p>Os regulamentos indicam que este tablet est\u00e1 marcado como\u00a0<strong>usado na Comunidade Valenciana,\u00a0<\/strong>sendo diferente do usado no resto da Espanha que usar\u00e1 o indicado em seu\u00a0<a href=\"https:\/\/jauteco.com\/pt\/senalizacion-cotos-caza\/\">normativo<\/a>.<\/p>\n<p>O tablet tem alguns\u00a0<strong>medidas 50 \u00d7 33<\/strong>, por lo que est\u00e1 agrupada dentro de las de primer orden. Esta tablilla deber\u00e1 colocarse antes de las de segundo orden, para as\u00ed informar a las personas de Zona de Seguridad.<\/p>\n<h3>Altamente refor\u00e7ado<\/h3>\n<p>Este tablet \u00e9 feito com um<strong>\u00a0Chapa de a\u00e7o galvanizada altamente refor\u00e7ada<\/strong>. Este material permite suportar intemp\u00e9ries, bem como golpes de animais.<\/p>\n<p>Recomenda-se comprar o\u00a0<a href=\"https:\/\/jauteco.com\/pt\/tienda\/mastil-180-m-incluye-tornillos\/\">mastros<\/a>\u00a0junto com o tablet, porque ele pode ser consertado. O Tablet deve\u00a0<strong>se\u00f1alizar en un lugar visible la Zona de Seguridad<\/strong>. Una mala colocaci\u00f3n de la tablilla, puede impedir que la persona pueda sea advertida, pudiendo adentrarse en la Zona de Seguridad poniendo en riesgo su integridad.<\/p>\n<p>As cores usadas por este Tablet s\u00e3o as<strong>\u00a0branco, com letras pretas<\/strong>. As cores usadas s\u00e3o comuns no tablet, para que o ser humano, ao v\u00ea-lo, saiba que \u00e9 um aviso importante.<\/p>","protected":false},"excerpt":{"rendered":"<p>Para grandes cantidades, cont\u00e1ctenos por tel\u00e9fono \u00f3 e-mail para pedirnos presupuesto.<\/p>","protected":false},"featured_media":987,"comment_status":"closed","ping_status":"closed","template":"","meta":[],"product_brand":[],"product_cat":[75],"product_tag":[401],"class_list":{"0":"post-754","1":"product","2":"type-product","3":"status-publish","4":"has-post-thumbnail","6":"product_cat-tablillas-caza","7":"product_tag-tablillas-caza-1-orden","8":"product_shipping_class-tablillas","10":"first","11":"instock","12":"taxable","13":"shipping-taxable","14":"purchasable","15":"product-type-simple"},"_links":{"self":[{"href":"https:\/\/jauteco.com\/pt\/wp-json\/wp\/v2\/product\/754","targetHints":{"allow":["GET"]}}],"collection":[{"href":"https:\/\/jauteco.com\/pt\/wp-json\/wp\/v2\/product"}],"about":[{"href":"https:\/\/jauteco.com\/pt\/wp-json\/wp\/v2\/types\/product"}],"replies":[{"embeddable":true,"href":"https:\/\/jauteco.com\/pt\/wp-json\/wp\/v2\/comments?post=754"}],"version-history":[{"count":0,"href":"https:\/\/jauteco.com\/pt\/wp-json\/wp\/v2\/product\/754\/revisions"}],"wp:featuredmedia":[{"embeddable":true,"href":"https:\/\/jauteco.com\/pt\/wp-json\/wp\/v2\/media\/987"}],"wp:attachment":[{"href":"https:\/\/jauteco.com\/pt\/wp-json\/wp\/v2\/media?parent=754"}],"wp:term":[{"taxonomy":"product_brand","embeddable":true,"href":"https:\/\/jauteco.com\/pt\/wp-json\/wp\/v2\/product_brand?post=754"},{"taxonomy":"product_cat","embeddable":true,"href":"https:\/\/jauteco.com\/pt\/wp-json\/wp\/v2\/product_cat?post=754"},{"taxonomy":"product_tag","embeddable":true,"href":"https:\/\/jauteco.com\/pt\/wp-json\/wp\/v2\/product_tag?post=754"}],"curies":[{"name":"wp","href":"https:\/\/api.w.org\/{rel}","templated":true}]}}