{"id":758,"date":"2017-06-26T13:07:02","date_gmt":"2017-06-26T13:07:02","guid":{"rendered":"https:\/\/jauteco.com\/?post_type=product&#038;p=758"},"modified":"2026-02-11T10:17:00","modified_gmt":"2026-02-11T10:17:00","slug":"area-local-de-caca-catalunya","status":"publish","type":"product","link":"https:\/\/jauteco.com\/pt\/tienda\/area-local-de-caca-catalunya\/","title":{"rendered":"Mesa \u00e0REA LOCAL DE CA\u00c7A (Catalunya) 50 \u00d7 33"},"content":{"rendered":"<h2>Tablilla \u00c1rea Local de Ca\u00e7a<\/h2>\n<p>Tablilla \u00c1rea Local del Ca\u00e7a\u00a0<strong>usado para sinaliza\u00e7\u00e3o\u00a0<\/strong>en Catalu\u00f1a con medidas 50\u00d733, de primer orden.<\/p>\n<p>Os regulamentos indicam que este tablet est\u00e1 marcado como\u00a0<strong>utilizada en la comunidad aut\u00f3noma de Catalu\u00f1a, <\/strong>siendo diferente al del resto de Espa\u00f1a que utilizar\u00e1n la indicada en su\u00a0<a href=\"https:\/\/jauteco.com\/pt\/senalizacion-cotos-caza\/\">normativo<\/a>.<\/p>\n<p>O tablet tem alguns\u00a0<strong>medidas 50 \u00d7 33<\/strong>, por lo que est\u00e1 agrupada dentro de las de primer orden. Esta tablilla deber\u00e1 colocarse antes de las de segundo orden, para as\u00ed informar de \u00c1rea Local de Ca\u00e7a.\u00a0Placa de aluminio grabada con el n\u00famero del Coto incluida.<\/p>\n<h3>Altamente refor\u00e7ado<\/h3>\n<p>Este tablet \u00e9 feito com um<strong>\u00a0Chapa de a\u00e7o galvanizada altamente refor\u00e7ada<\/strong>. Este material permite suportar intemp\u00e9ries, bem como golpes de animais.<\/p>\n<p>Recomenda-se comprar o\u00a0<a href=\"https:\/\/jauteco.com\/pt\/tienda\/mastil-180-m-incluye-tornillos\/\">mastros<\/a>\u00a0junto com o tablet, porque ele pode ser consertado. O Tablet deve\u00a0<strong>se\u00f1alizar en un lugar visible la \u00c1rea Local de Caza<\/strong>. Una mala colocaci\u00f3n de la tablilla, puede impedir que la persona pueda sea advertida, pudiendo adentrarse en la zona poniendo en riesgo su integridad.<\/p>\n<p>As cores usadas por este Tablet s\u00e3o as<strong>\u00a0branco, com letras pretas<\/strong>. As cores usadas s\u00e3o comuns no tablet, para que o ser humano, ao v\u00ea-lo, saiba que \u00e9 um aviso importante.<\/p>","protected":false},"excerpt":{"rendered":"<p>Para grandes or\u00e7amentos, entre em contato conosco pelo 964 60 23 59 ou envie um e-mail para: info@jauteco.com.<\/p>\n<p>Placa de alum\u00ednio gravada com o n\u00famero Preserve inclu\u00eddo.<\/p>","protected":false},"featured_media":963,"comment_status":"closed","ping_status":"closed","template":"","meta":[],"product_brand":[],"product_cat":[75],"product_tag":[424,401],"class_list":{"0":"post-758","1":"product","2":"type-product","3":"status-publish","4":"has-post-thumbnail","6":"product_cat-tablillas-caza","7":"product_tag-tablillas-con-placa-de-matricula","8":"product_tag-tablillas-caza-1-orden","9":"product_shipping_class-tablillas","11":"first","12":"instock","13":"taxable","14":"shipping-taxable","15":"purchasable","16":"product-type-simple"},"_links":{"self":[{"href":"https:\/\/jauteco.com\/pt\/wp-json\/wp\/v2\/product\/758","targetHints":{"allow":["GET"]}}],"collection":[{"href":"https:\/\/jauteco.com\/pt\/wp-json\/wp\/v2\/product"}],"about":[{"href":"https:\/\/jauteco.com\/pt\/wp-json\/wp\/v2\/types\/product"}],"replies":[{"embeddable":true,"href":"https:\/\/jauteco.com\/pt\/wp-json\/wp\/v2\/comments?post=758"}],"version-history":[{"count":0,"href":"https:\/\/jauteco.com\/pt\/wp-json\/wp\/v2\/product\/758\/revisions"}],"wp:featuredmedia":[{"embeddable":true,"href":"https:\/\/jauteco.com\/pt\/wp-json\/wp\/v2\/media\/963"}],"wp:attachment":[{"href":"https:\/\/jauteco.com\/pt\/wp-json\/wp\/v2\/media?parent=758"}],"wp:term":[{"taxonomy":"product_brand","embeddable":true,"href":"https:\/\/jauteco.com\/pt\/wp-json\/wp\/v2\/product_brand?post=758"},{"taxonomy":"product_cat","embeddable":true,"href":"https:\/\/jauteco.com\/pt\/wp-json\/wp\/v2\/product_cat?post=758"},{"taxonomy":"product_tag","embeddable":true,"href":"https:\/\/jauteco.com\/pt\/wp-json\/wp\/v2\/product_tag?post=758"}],"curies":[{"name":"wp","href":"https:\/\/api.w.org\/{rel}","templated":true}]}}