{"id":768,"date":"2017-06-26T13:15:41","date_gmt":"2017-06-26T13:15:41","guid":{"rendered":"https:\/\/jauteco.com\/?post_type=product&#038;p=768"},"modified":"2026-02-11T10:16:34","modified_gmt":"2026-02-11T10:16:34","slug":"refugi-de-caca-estacio-biologica-catalunya","status":"publish","type":"product","link":"https:\/\/jauteco.com\/pt\/tienda\/refugi-de-caca-estacio-biologica-catalunya\/","title":{"rendered":"REF\u00daGIO DE CA\u00c7A - ESTACI\u00d3 BIOL\u00d2GICA (Catalunya) 50 \u00d7 33"},"content":{"rendered":"<h2>Tablilla Refugi de Ca\u00e7a &#8211; Estaci\u00f3 Biol\u00f2gica<\/h2>\n<p>Tablilla Refugi de Ca\u00e7a &#8211; Estaci\u00f3 Biol\u00f2gica<strong>\u00a0usado para sinaliza\u00e7\u00e3o<\/strong> de Refugio de Caza en Catalu\u00f1a con medidas 50&#215;33.<\/p>\n<p>Os regulamentos indicam que este tablet est\u00e1 marcado como\u00a0<strong>usado na Catalunha, <\/strong>siendo diferente a la utilizada en el resto de Espa\u00f1a que aplicar\u00e1n la\u00a0indicada en su <a href=\"https:\/\/jauteco.com\/pt\/senalizacion-cotos-caza\/\">normativo<\/a>.<\/p>\n<p>O tablet tem alguns <strong>medidas 50 \u00d7 33<\/strong>, portanto, \u00e9 agrupado no primeiro pedido. Este tablet deve ser colocado antes do segundo pedido, para informar as pessoas.<\/p>\n<h3>Altamente refor\u00e7ado<\/h3>\n<p>Este tablet \u00e9 feito com um<strong> Chapa de a\u00e7o galvanizada altamente refor\u00e7ada<\/strong>. Este material permite suportar intemp\u00e9ries, bem como golpes de animais.<\/p>\n<p>Recomenda-se comprar o\u00a0<a href=\"https:\/\/jauteco.com\/pt\/tienda\/mastil-180-m-incluye-tornillos\/\">mastros<\/a>\u00a0junto com o tablet, porque ele pode ser consertado. O Tablet deve <strong>sinal em um local vis\u00edvel<\/strong> el Refugi de Ca\u00e7a. Una mala colocaci\u00f3n de la tablilla, puede impedir que la persona pueda ser advertida del peligro, adentr\u00e1ndose en la zona y pudiendo poner en pr\u00e1ctica la caza, estando prohibida.<\/p>\n<p>As cores usadas por este Tablet s\u00e3o as<strong>\u00a0branco, com letras pretas<\/strong>. As cores usadas s\u00e3o comuns no tablet, para que o ser humano, ao v\u00ea-lo, saiba que \u00e9 um aviso importante.<\/p>","protected":false},"excerpt":{"rendered":"<p>Para presupuesto de gran cantidad, cont\u00e1ctenos para realizarle un presupuesto a medida.<\/p>","protected":false},"featured_media":769,"comment_status":"closed","ping_status":"closed","template":"","meta":[],"product_brand":[],"product_cat":[75],"product_tag":[401],"class_list":{"0":"post-768","1":"product","2":"type-product","3":"status-publish","4":"has-post-thumbnail","6":"product_cat-tablillas-caza","7":"product_tag-tablillas-caza-1-orden","8":"product_shipping_class-tablillas","10":"first","11":"instock","12":"taxable","13":"shipping-taxable","14":"purchasable","15":"product-type-simple"},"_links":{"self":[{"href":"https:\/\/jauteco.com\/pt\/wp-json\/wp\/v2\/product\/768","targetHints":{"allow":["GET"]}}],"collection":[{"href":"https:\/\/jauteco.com\/pt\/wp-json\/wp\/v2\/product"}],"about":[{"href":"https:\/\/jauteco.com\/pt\/wp-json\/wp\/v2\/types\/product"}],"replies":[{"embeddable":true,"href":"https:\/\/jauteco.com\/pt\/wp-json\/wp\/v2\/comments?post=768"}],"version-history":[{"count":0,"href":"https:\/\/jauteco.com\/pt\/wp-json\/wp\/v2\/product\/768\/revisions"}],"wp:featuredmedia":[{"embeddable":true,"href":"https:\/\/jauteco.com\/pt\/wp-json\/wp\/v2\/media\/769"}],"wp:attachment":[{"href":"https:\/\/jauteco.com\/pt\/wp-json\/wp\/v2\/media?parent=768"}],"wp:term":[{"taxonomy":"product_brand","embeddable":true,"href":"https:\/\/jauteco.com\/pt\/wp-json\/wp\/v2\/product_brand?post=768"},{"taxonomy":"product_cat","embeddable":true,"href":"https:\/\/jauteco.com\/pt\/wp-json\/wp\/v2\/product_cat?post=768"},{"taxonomy":"product_tag","embeddable":true,"href":"https:\/\/jauteco.com\/pt\/wp-json\/wp\/v2\/product_tag?post=768"}],"curies":[{"name":"wp","href":"https:\/\/api.w.org\/{rel}","templated":true}]}}