{"id":772,"date":"2017-06-26T13:23:14","date_gmt":"2017-06-26T13:23:14","guid":{"rendered":"https:\/\/jauteco.com\/?post_type=product&#038;p=772"},"modified":"2026-02-11T10:16:15","modified_gmt":"2026-02-11T10:16:15","slug":"refugi-de-fauna-salvatge-catalunya","status":"publish","type":"product","link":"https:\/\/jauteco.com\/pt\/tienda\/refugi-de-fauna-salvatge-catalunya\/","title":{"rendered":"Tablet para Ref\u00fagio de Vida Selvagem Salvatge (Catalunya) 50 \u00d7 33"},"content":{"rendered":"<h2>Tablet Refugi de Fauna Salvatge<\/h2>\n<p>Comprimido Refugi de Fauna Salvatge usado para o aviso na Catalunha com medidas 50 \u00d7 33.<\/p>\n<p>Este tablet est\u00e1 marcado para ser\u00a0<strong>usado na Catalunha, sendo diferente do usado no resto da Espanha\u00a0<\/strong>que usar\u00e1 o indicado em seu\u00a0<a href=\"https:\/\/jauteco.com\/pt\/senalizacion-cotos-caza\/\">normativo<\/a>.<\/p>\n<p>O tablet tem alguns\u00a0<strong>medidas 50 \u00d7 33<\/strong>, por isso \u00e9 agrupado na primeira ordem. Este comprimido deve ser colocado antes dos de segunda ordem, para alertar as pessoas.<\/p>\n<h3>Altamente refor\u00e7ado<\/h3>\n<p>Este tablet \u00e9 feito com um<strong>\u00a0Chapa de a\u00e7o galvanizada altamente refor\u00e7ada<\/strong>. Este material permite suportar intemp\u00e9ries, bem como golpes de animais.<\/p>\n<p>A compra do\u00a0<a href=\"https:\/\/jauteco.com\/pt\/tienda\/mastil-180-m-incluye-tornillos\/\">mastro\u00a0<\/a>junto com a tala, porque com ela voc\u00ea pode fixar no ch\u00e3o. O Tablet deve\u00a0<strong>sinal em um local vis\u00edvel<\/strong>\u00a0para alertar sobre o Ref\u00fagio de Vida Selvagem. Uma m\u00e1 coloca\u00e7\u00e3o pode impedir a pessoa de ser avisada, de entrar na \u00e1rea e, assim, colocar em risco a sua integridade<\/p>\n<p>As cores usadas por este Tablet s\u00e3o as<strong>\u00a0branco, com letras pretas<\/strong>. As cores usadas s\u00e3o comuns na tala, ent\u00e3o o humano ver\u00e1 que \u00e9 um aviso importante.<\/p>","protected":false},"excerpt":{"rendered":"<p>Para grandes or\u00e7amentos, entre em contato conosco pelo 964 60 23 59 ou envie um e-mail para: info@jauteco.com.<\/p>","protected":false},"featured_media":773,"comment_status":"closed","ping_status":"closed","template":"","meta":[],"product_brand":[],"product_cat":[75],"product_tag":[401],"class_list":{"0":"post-772","1":"product","2":"type-product","3":"status-publish","4":"has-post-thumbnail","6":"product_cat-tablillas-caza","7":"product_tag-tablillas-caza-1-orden","8":"product_shipping_class-tablillas","10":"first","11":"instock","12":"taxable","13":"shipping-taxable","14":"purchasable","15":"product-type-simple"},"_links":{"self":[{"href":"https:\/\/jauteco.com\/pt\/wp-json\/wp\/v2\/product\/772","targetHints":{"allow":["GET"]}}],"collection":[{"href":"https:\/\/jauteco.com\/pt\/wp-json\/wp\/v2\/product"}],"about":[{"href":"https:\/\/jauteco.com\/pt\/wp-json\/wp\/v2\/types\/product"}],"replies":[{"embeddable":true,"href":"https:\/\/jauteco.com\/pt\/wp-json\/wp\/v2\/comments?post=772"}],"version-history":[{"count":0,"href":"https:\/\/jauteco.com\/pt\/wp-json\/wp\/v2\/product\/772\/revisions"}],"wp:featuredmedia":[{"embeddable":true,"href":"https:\/\/jauteco.com\/pt\/wp-json\/wp\/v2\/media\/773"}],"wp:attachment":[{"href":"https:\/\/jauteco.com\/pt\/wp-json\/wp\/v2\/media?parent=772"}],"wp:term":[{"taxonomy":"product_brand","embeddable":true,"href":"https:\/\/jauteco.com\/pt\/wp-json\/wp\/v2\/product_brand?post=772"},{"taxonomy":"product_cat","embeddable":true,"href":"https:\/\/jauteco.com\/pt\/wp-json\/wp\/v2\/product_cat?post=772"},{"taxonomy":"product_tag","embeddable":true,"href":"https:\/\/jauteco.com\/pt\/wp-json\/wp\/v2\/product_tag?post=772"}],"curies":[{"name":"wp","href":"https:\/\/api.w.org\/{rel}","templated":true}]}}