{"id":774,"date":"2017-06-26T13:24:08","date_gmt":"2017-06-26T13:24:08","guid":{"rendered":"https:\/\/jauteco.com\/?post_type=product&#038;p=774"},"modified":"2026-02-11T10:16:07","modified_gmt":"2026-02-11T10:16:07","slug":"perill-batuda-de-caca-catalunya","status":"publish","type":"product","link":"https:\/\/jauteco.com\/pt\/tienda\/perill-batuda-de-caca-catalunya\/","title":{"rendered":"Perill Batuda comprimido de Ca\u00e7a (Catalunya) 50 \u00d7 33"},"content":{"rendered":"<h2>Tablilla Perill Batuda de Ca\u00e7a<\/h2>\n<p>Ripa <b>Perill Batuda de Ca\u00e7a<\/b>\u00a0de caza utilizada para lo Monter\u00eda del Jabal\u00ed en Catalu\u00f1a con medidas 50&#215;33.<\/p>\n<p>Os regulamentos indicam que este tablet \u00e9 <strong>utilizada en Catalu\u00f1a<\/strong>, o restante das Comunidades Aut\u00f4nomas usar\u00e1 outros tablets para Monterias, portanto, nessas \u00e1reas, eles usar\u00e3o o indicado em seus <a href=\"https:\/\/jauteco.com\/pt\/senalizacion-cotos-caza\/\">normativo<\/a>.<\/p>\n<p>O tablet tem alguns <strong>medidas 50 \u00d7 33<\/strong>, portanto, \u00e9 agrupado no primeiro pedido. Este tablet deve ser colocado antes do segundo pedido, para informar as pessoas.<\/p>\n<h3>Altamente refor\u00e7ado<\/h3>\n<p>Este tablet \u00e9 feito com um <strong>Chapa de a\u00e7o galvanizada altamente refor\u00e7ada<\/strong>. Este material permite suportar intemp\u00e9ries, bem como golpes de animais.<\/p>\n<p>Recomenda-se comprar o <a href=\"https:\/\/jauteco.com\/pt\/tienda\/soporte-plegable-tablillas-caza\/\">carrinho dobr\u00e1vel<\/a> junto com o tablet, porque ele pode ser colocado em qualquer lugar. O Tablet deve <strong>sinal em um local vis\u00edvel<\/strong> o perigo de Monter\u00eda. Uma m\u00e1 coloca\u00e7\u00e3o da tala pode impedir que a pessoa seja avisada do perigo, entrando na \u00e1rea e colocando em risco sua integridade.<\/p>\n<p>O fundo branco com letras pretas, juntamente com o tri\u00e2ngulo vermelho com o desenho do javali fazem<strong> atraente<\/strong> O tablet. Elementos visuais como o javali e a espingarda alertam com desenhos sobre o perigo, para quem n\u00e3o entende o seu significado.<\/p>","protected":false},"excerpt":{"rendered":"<p>Ripa <b>Perill Batuda de Ca\u00e7a<\/b>\u00a0de caza utilizada para lo Monter\u00eda del Jabal\u00ed en Catalu\u00f1a con medidas 50&#215;33.<\/p>\n<p>Para grandes or\u00e7amentos, entre em contato conosco pelo 964 60 23 59 ou envie um e-mail para: info@jauteco.com.<\/p>","protected":false},"featured_media":956,"comment_status":"closed","ping_status":"closed","template":"","meta":[],"product_brand":[],"product_cat":[75],"product_tag":[401],"class_list":{"0":"post-774","1":"product","2":"type-product","3":"status-publish","4":"has-post-thumbnail","6":"product_cat-tablillas-caza","7":"product_tag-tablillas-caza-1-orden","8":"product_shipping_class-tablillas","10":"first","11":"instock","12":"taxable","13":"shipping-taxable","14":"purchasable","15":"product-type-simple"},"_links":{"self":[{"href":"https:\/\/jauteco.com\/pt\/wp-json\/wp\/v2\/product\/774","targetHints":{"allow":["GET"]}}],"collection":[{"href":"https:\/\/jauteco.com\/pt\/wp-json\/wp\/v2\/product"}],"about":[{"href":"https:\/\/jauteco.com\/pt\/wp-json\/wp\/v2\/types\/product"}],"replies":[{"embeddable":true,"href":"https:\/\/jauteco.com\/pt\/wp-json\/wp\/v2\/comments?post=774"}],"version-history":[{"count":0,"href":"https:\/\/jauteco.com\/pt\/wp-json\/wp\/v2\/product\/774\/revisions"}],"wp:featuredmedia":[{"embeddable":true,"href":"https:\/\/jauteco.com\/pt\/wp-json\/wp\/v2\/media\/956"}],"wp:attachment":[{"href":"https:\/\/jauteco.com\/pt\/wp-json\/wp\/v2\/media?parent=774"}],"wp:term":[{"taxonomy":"product_brand","embeddable":true,"href":"https:\/\/jauteco.com\/pt\/wp-json\/wp\/v2\/product_brand?post=774"},{"taxonomy":"product_cat","embeddable":true,"href":"https:\/\/jauteco.com\/pt\/wp-json\/wp\/v2\/product_cat?post=774"},{"taxonomy":"product_tag","embeddable":true,"href":"https:\/\/jauteco.com\/pt\/wp-json\/wp\/v2\/product_tag?post=774"}],"curies":[{"name":"wp","href":"https:\/\/api.w.org\/{rel}","templated":true}]}}