{"id":779,"date":"2017-06-26T13:29:22","date_gmt":"2017-06-26T13:29:22","guid":{"rendered":"https:\/\/jauteco.com\/?post_type=product&#038;p=779"},"modified":"2025-03-06T15:31:55","modified_gmt":"2025-03-06T15:31:55","slug":"mastil-180-m-incluye-tornillos","status":"publish","type":"product","link":"https:\/\/jauteco.com\/pt\/tienda\/mastil-180-m-incluye-tornillos\/","title":{"rendered":"M\u00e1stil para tablillas 1,80 m."},"content":{"rendered":"<h3>Mastro<\/h3>\n<p>Mastro com uma altura de 1,80 metros, para coloca\u00e7\u00e3o e fixa\u00e7\u00e3o das ripas. Suas caracter\u00edsticas permitem uma fixa\u00e7\u00e3o f\u00e1cil e correta, para que as ripas possam ser colocadas corretamente.<\/p>\n<p>Feitos de ferro galvanizado, os mastros Jauteco s\u00e3o altamente robustos e resistentes.<\/p>\n<p>O produto inclui parafusos com a sua compra, eles ir\u00e3o fixar as ripas na parte superior do mastro. Sua altura permitir\u00e1 que eles sejam percebidos e reconhecidos pelo humano, sendo avisados do aviso.<\/p>\n<p>O mastro deve ser fixado ao solo, de forma que seja firmemente fixado, impedindo que seja deslocado.<\/p>\n<p>Os mastros da Jauteco cumprem todos os regulamentos exigidos por lei.<\/p>\n<p>Para comprimidos de uso tempor\u00e1rio, como os de shake de javali, \u00e9 recomend\u00e1vel comprar o<a href=\"https:\/\/jauteco.com\/pt\/tienda\/soporte-plegable-tablillas-caza\/\"> carrinho dobr\u00e1vel<\/a> para montagem e desmontagem r\u00e1pidas.<\/p>\n<p>As <a href=\"https:\/\/jauteco.com\/pt\/productos\/tablillas-caza\/\">talas de ca\u00e7a<\/a> Os Jauteco s\u00e3o fabricados e projetados para que a coloca\u00e7\u00e3o no mastro seja correta, simples e eficaz. Isso permitir\u00e1 que o humano visualize os avisos efetivamente.<\/p>\n<p>&nbsp;<\/p>","protected":false},"excerpt":{"rendered":"<p>M\u00e1stil para tablillas (taladrados y con tornillos incluidos)<br \/>\nProduto em embalagens de 10 unidades.<\/p>\n<h3><strong>Pedido m\u00ednimo 10 unidades<\/strong><\/h3>","protected":false},"featured_media":5736,"comment_status":"closed","ping_status":"closed","template":"","meta":[],"product_brand":[],"product_cat":[75],"product_tag":[],"class_list":{"0":"post-779","1":"product","2":"type-product","3":"status-publish","4":"has-post-thumbnail","6":"product_cat-tablillas-caza","7":"product_shipping_class-tablillas","9":"first","10":"instock","11":"taxable","12":"shipping-taxable","13":"purchasable","14":"product-type-simple"},"_links":{"self":[{"href":"https:\/\/jauteco.com\/pt\/wp-json\/wp\/v2\/product\/779","targetHints":{"allow":["GET"]}}],"collection":[{"href":"https:\/\/jauteco.com\/pt\/wp-json\/wp\/v2\/product"}],"about":[{"href":"https:\/\/jauteco.com\/pt\/wp-json\/wp\/v2\/types\/product"}],"replies":[{"embeddable":true,"href":"https:\/\/jauteco.com\/pt\/wp-json\/wp\/v2\/comments?post=779"}],"version-history":[{"count":0,"href":"https:\/\/jauteco.com\/pt\/wp-json\/wp\/v2\/product\/779\/revisions"}],"wp:featuredmedia":[{"embeddable":true,"href":"https:\/\/jauteco.com\/pt\/wp-json\/wp\/v2\/media\/5736"}],"wp:attachment":[{"href":"https:\/\/jauteco.com\/pt\/wp-json\/wp\/v2\/media?parent=779"}],"wp:term":[{"taxonomy":"product_brand","embeddable":true,"href":"https:\/\/jauteco.com\/pt\/wp-json\/wp\/v2\/product_brand?post=779"},{"taxonomy":"product_cat","embeddable":true,"href":"https:\/\/jauteco.com\/pt\/wp-json\/wp\/v2\/product_cat?post=779"},{"taxonomy":"product_tag","embeddable":true,"href":"https:\/\/jauteco.com\/pt\/wp-json\/wp\/v2\/product_tag?post=779"}],"curies":[{"name":"wp","href":"https:\/\/api.w.org\/{rel}","templated":true}]}}