{"id":8620,"date":"2025-02-26T11:03:25","date_gmt":"2025-02-26T11:03:25","guid":{"rendered":"https:\/\/jauteco.com\/?post_type=product&#038;p=8620"},"modified":"2025-02-26T11:07:47","modified_gmt":"2025-02-26T11:07:47","slug":"tablilla-atencio-circuli-amb-precaucio-batuda-de-caca","status":"publish","type":"product","link":"https:\/\/jauteco.com\/pt\/tienda\/tablilla-atencio-circuli-amb-precaucio-batuda-de-caca\/","title":{"rendered":"Tablilla ATENCI\u00d3 CIRCULI AMB PRECAUCI\u00d3 &#8211; Batuda de Ca\u00e7a 60&#215;80"},"content":{"rendered":"","protected":false},"excerpt":{"rendered":"<p>Tablilla ATENCI\u00d3 CIRCULI AMB PRECAUCI\u00d3 &#8211; Batuda de Ca\u00e7a &#8211; ESP\u00c8CIES CINEG\u00c8TIQUES I GOSSOS CREUANT LA CARRETERA<br \/>\nReferencia C-206<\/p>\n<p>Tablilla se\u00f1alizaci\u00f3n ref. C-206<\/p>\n<p>TAMA\u00d1O GRANDE 60 x 80 cm<\/p>\n<p>Tablilla se\u00f1alizaci\u00f3n fabricada en polipropileno celular de 3,5 mm<\/p>\n<p>Medidas 60 x 80 cm, con 4 ojales<\/p>\n<p>Informa de una batida.<\/p>\n<p>Para grandes or\u00e7amentos, entre em contato conosco pelo 964 60 23 59 ou envie um e-mail para: info@jauteco.com.<\/p>","protected":false},"featured_media":8623,"comment_status":"closed","ping_status":"closed","template":"","meta":[],"product_brand":[],"product_cat":[75],"product_tag":[],"class_list":{"0":"post-8620","1":"product","2":"type-product","3":"status-publish","4":"has-post-thumbnail","6":"product_cat-tablillas-caza","7":"product_shipping_class-tablillas","9":"first","10":"instock","11":"taxable","12":"shipping-taxable","13":"purchasable","14":"product-type-simple"},"_links":{"self":[{"href":"https:\/\/jauteco.com\/pt\/wp-json\/wp\/v2\/product\/8620","targetHints":{"allow":["GET"]}}],"collection":[{"href":"https:\/\/jauteco.com\/pt\/wp-json\/wp\/v2\/product"}],"about":[{"href":"https:\/\/jauteco.com\/pt\/wp-json\/wp\/v2\/types\/product"}],"replies":[{"embeddable":true,"href":"https:\/\/jauteco.com\/pt\/wp-json\/wp\/v2\/comments?post=8620"}],"version-history":[{"count":0,"href":"https:\/\/jauteco.com\/pt\/wp-json\/wp\/v2\/product\/8620\/revisions"}],"wp:featuredmedia":[{"embeddable":true,"href":"https:\/\/jauteco.com\/pt\/wp-json\/wp\/v2\/media\/8623"}],"wp:attachment":[{"href":"https:\/\/jauteco.com\/pt\/wp-json\/wp\/v2\/media?parent=8620"}],"wp:term":[{"taxonomy":"product_brand","embeddable":true,"href":"https:\/\/jauteco.com\/pt\/wp-json\/wp\/v2\/product_brand?post=8620"},{"taxonomy":"product_cat","embeddable":true,"href":"https:\/\/jauteco.com\/pt\/wp-json\/wp\/v2\/product_cat?post=8620"},{"taxonomy":"product_tag","embeddable":true,"href":"https:\/\/jauteco.com\/pt\/wp-json\/wp\/v2\/product_tag?post=8620"}],"curies":[{"name":"wp","href":"https:\/\/api.w.org\/{rel}","templated":true}]}}