{"id":9342,"date":"2025-11-07T11:01:42","date_gmt":"2025-11-07T11:01:42","guid":{"rendered":"https:\/\/jauteco.com\/?post_type=product&#038;p=9342"},"modified":"2025-11-07T11:03:58","modified_gmt":"2025-11-07T11:03:58","slug":"seta-con-dos-diagonales-cruzadas","status":"publish","type":"product","link":"https:\/\/jauteco.com\/pt\/tienda\/seta-con-dos-diagonales-cruzadas\/","title":{"rendered":"Tablilla Seta con dos diagonles cruzadas Segundo Orden (Espa\u00f1a) 30&#215;20"},"content":{"rendered":"<h3>Tablilla Seta con dos diagonales cruzadas.<\/h3>\n<p><strong>Tablilla Setas<\/strong>\u00a0utilizada para la advertencia en Espa\u00f1a con medidas <strong>30\u00d720, de segundo orden.<\/strong><\/p>\n<p>Os regulamentos indicam que este tablet \u00e9<strong>\u00a0utilizada en Espa\u00f1a<\/strong>.<\/p>\n<p>La Tablilla<strong> tiene unas\u00a0medidas de 30\u00d720<\/strong>, por isso \u00e9 agrupado na segunda ordem.<\/p>\n<h3>Altamente refor\u00e7ado<\/h3>\n<p>Este tablet \u00e9 feito com um<strong>\u00a0Chapa de a\u00e7o galvanizada altamente refor\u00e7ada<\/strong>. Este material permite que voc\u00ea <strong>aguantar inclemencias meteorol\u00f3gicas.<\/strong><\/p>\n<p>\u00c9 <strong>recomendou a compra de <a href=\"https:\/\/jauteco.com\/pt\/tienda\/mastil-180-m-incluye-tornillos\/\">mastro<\/a><\/strong>\u00a0junto com o tablet, porque com ele <strong>pode ser fixado no ch\u00e3o<\/strong>.<\/p>\n<p>&nbsp;<\/p>","protected":false},"excerpt":{"rendered":"<p>Tablilla Seta con dos diagonales cruzadas. Tablilla Setas\u00a0utilizada para la advertencia en Espa\u00f1a con medidas 30\u00d720, de segundo orden. La normativa indica que esta tablilla es\u00a0utilizada en Espa\u00f1a. La Tablilla tiene unas\u00a0medidas de 30\u00d720, por lo que est\u00e1 agrupada dentro de las de segundo orden. Altamente reforzada Esta Tablilla est\u00e1 fabricada con una\u00a0chapa de Acero [&hellip;]<\/p>","protected":false},"featured_media":9343,"comment_status":"closed","ping_status":"closed","template":"","meta":[],"product_brand":[],"product_cat":[2761],"product_tag":[],"class_list":{"0":"post-9342","1":"product","2":"type-product","3":"status-publish","4":"has-post-thumbnail","6":"product_cat-tablillas-de-setas","8":"first","9":"instock","10":"taxable","11":"shipping-taxable","12":"purchasable","13":"product-type-simple"},"_links":{"self":[{"href":"https:\/\/jauteco.com\/pt\/wp-json\/wp\/v2\/product\/9342","targetHints":{"allow":["GET"]}}],"collection":[{"href":"https:\/\/jauteco.com\/pt\/wp-json\/wp\/v2\/product"}],"about":[{"href":"https:\/\/jauteco.com\/pt\/wp-json\/wp\/v2\/types\/product"}],"replies":[{"embeddable":true,"href":"https:\/\/jauteco.com\/pt\/wp-json\/wp\/v2\/comments?post=9342"}],"version-history":[{"count":0,"href":"https:\/\/jauteco.com\/pt\/wp-json\/wp\/v2\/product\/9342\/revisions"}],"wp:featuredmedia":[{"embeddable":true,"href":"https:\/\/jauteco.com\/pt\/wp-json\/wp\/v2\/media\/9343"}],"wp:attachment":[{"href":"https:\/\/jauteco.com\/pt\/wp-json\/wp\/v2\/media?parent=9342"}],"wp:term":[{"taxonomy":"product_brand","embeddable":true,"href":"https:\/\/jauteco.com\/pt\/wp-json\/wp\/v2\/product_brand?post=9342"},{"taxonomy":"product_cat","embeddable":true,"href":"https:\/\/jauteco.com\/pt\/wp-json\/wp\/v2\/product_cat?post=9342"},{"taxonomy":"product_tag","embeddable":true,"href":"https:\/\/jauteco.com\/pt\/wp-json\/wp\/v2\/product_tag?post=9342"}],"curies":[{"name":"wp","href":"https:\/\/api.w.org\/{rel}","templated":true}]}}